{"id":50,"date":"2026-01-26T19:30:38","date_gmt":"2026-01-26T19:30:38","guid":{"rendered":"https:\/\/restingwell.de\/?page_id=50"},"modified":"2026-01-30T14:23:48","modified_gmt":"2026-01-30T14:23:48","slug":"spirit-schwebetank-design","status":"publish","type":"page","link":"https:\/\/restingwell.de\/en\/spirit-schwebetank-design\/","title":{"rendered":"Spirit Isolationtank Design"},"content":{"rendered":"<div class=\"wp-block-group alignfull is-style-ext-preset--group--natural-1--section has-base-background-color has-background has-global-padding is-layout-constrained wp-block-group-is-layout-constrained\" style=\"margin-top:0;margin-bottom:0;padding-top:9px;padding-bottom:9px\">\n<div class=\"wp-block-columns alignwide are-vertically-aligned-center is-layout-flex wp-container-core-columns-is-layout-f3c714e4 wp-block-columns-is-layout-flex\" style=\"padding-top:var(--wp--preset--spacing--40);padding-bottom:var(--wp--preset--spacing--40)\">\n<div class=\"wp-block-column is-vertically-aligned-center is-layout-flow wp-block-column-is-layout-flow\" style=\"flex-basis:496px\">\n<div class=\"wp-block-group alignwide is-vertical is-layout-flex wp-container-core-group-is-layout-c35747d5 wp-block-group-is-layout-flex\">\n<div class=\"wp-block-group has-global-padding is-layout-constrained wp-container-core-group-is-layout-dd32767c wp-block-group-is-layout-constrained\">\n<h1 class=\"wp-block-heading has-text-align-center\">Bei Restingwell geht Design nicht um Dekoration. <\/h1>\n\n\n\n<p class=\"has-text-align-center\">Es geht um Funktion, Ruhe und langfristige Zuverl\u00e4ssigkeit. Unsere Design-Philosophie basiert auf skandinavischen Engineering-Traditionen und jahrzehntelanger Praxiserfahrung beim Betrieb ergonomischer Schwebetanks in realen Umgebungen.<\/p>\n\n\n\n<div class=\"wp-block-group alignwide is-vertical is-content-justification-center is-layout-flex wp-container-core-group-is-layout-335b1c95 wp-block-group-is-layout-flex\">\n<div class=\"wp-block-group has-global-padding is-layout-constrained wp-container-core-group-is-layout-2287c683 wp-block-group-is-layout-constrained\">\n<p><\/p>\n<\/div>\n<\/div>\n<\/div>\n<\/div>\n<\/div>\n\n\n\n<div class=\"wp-block-column is-vertically-aligned-center is-layout-flow wp-block-column-is-layout-flow\">\n<div class=\"wp-block-columns is-not-stacked-on-mobile is-layout-flex wp-container-core-columns-is-layout-28f84493 wp-block-columns-is-layout-flex\">\n<div class=\"wp-block-column is-layout-flow wp-container-core-column-is-layout-8eebadab wp-block-column-is-layout-flow\" style=\"flex-basis:40%\">\n<figure class=\"wp-block-image size-large is-style-ext-preset--image--natural-1--image-1--content-bottom is-style-ext-preset--image--natural-1--image-1--content-bottom--2\" style=\"margin-right:var(--wp--preset--spacing--40);margin-left:var(--wp--preset--spacing--40)\"><img decoding=\"async\" src=\"https:\/\/restingwell.com\/wp-content\/uploads\/2025\/12\/freepik__enhance__25545-1024x1024.png\" alt=\"Smooth, continuous surfaces inside Restingwell Spirit floatation tank \u2013 promotes superior hygiene, easier cleaning, reduced salt buildup, and a calmer sensory deprivation experience\" class=\"wp-image-594\" style=\"aspect-ratio:3\/4;object-fit:cover\"\/><\/figure>\n<\/div>\n\n\n\n<div class=\"wp-block-column is-layout-flow wp-container-core-column-is-layout-8a368f38 wp-block-column-is-layout-flow\">\n<div class=\"wp-block-group z-0 has-global-padding is-layout-constrained wp-container-core-group-is-layout-79971806 wp-block-group-is-layout-constrained\" style=\"padding-left:var(--wp--preset--spacing--70)\">\n<div class=\"wp-block-group is-style-ext-preset--group--natural-1--item-card-1--align-start has-tertiary-background-color has-background has-global-padding is-layout-constrained wp-container-core-group-is-layout-639b5052 wp-block-group-is-layout-constrained is-style-ext-preset--group--natural-1--item-card-1--align-start--3\" style=\"border-style:none;border-width:0px;padding-top:0;padding-right:0;padding-bottom:0;padding-left:0;box-shadow:none\">\n<div class=\"wp-block-group has-global-padding is-layout-constrained wp-container-core-group-is-layout-639b5052 wp-block-group-is-layout-constrained\" style=\"padding-top:0;padding-right:0;padding-bottom:0;padding-left:0\">\n<div style=\"height:160px\" aria-hidden=\"true\" class=\"wp-block-spacer\"><\/div>\n<\/div>\n<\/div>\n<\/div>\n\n\n\n<div class=\"wp-block-group z-10 has-global-padding is-layout-constrained wp-container-core-group-is-layout-38528d72 wp-block-group-is-layout-constrained\" style=\"margin-top:-96px;padding-right:24px\">\n<figure class=\"wp-block-image size-large is-style-ext-preset--image--natural-1--image-1--content-top is-style-ext-preset--image--natural-1--image-1--content-top--4\"><img decoding=\"async\" src=\"https:\/\/restingwell.com\/wp-content\/uploads\/2025\/11\/openart-image_3I_k-YZh_1755978136492_raw-1024x683.jpg\" alt=\"Restingwell Spirit float tank \u2013 timeless Scandinavian design emphasizing function, calm, and long-term reliability for professional sensory deprivation therapy\" class=\"wp-image-88\" style=\"aspect-ratio:4\/3;object-fit:cover\" title=\"\"\/><\/figure>\n<\/div>\n<\/div>\n<\/div>\n<\/div>\n<\/div>\n<\/div>\n\n\n\n<div class=\"wp-block-group alignfull has-background-background-color has-background has-global-padding is-layout-constrained wp-container-core-group-is-layout-7276a2bb wp-block-group-is-layout-constrained\" style=\"margin-top:0;margin-bottom:0;padding-top:var(--wp--preset--spacing--60);padding-right:var(--wp--preset--spacing--30);padding-bottom:var(--wp--preset--spacing--60);padding-left:var(--wp--preset--spacing--30)\">\n<div class=\"wp-block-columns alignwide is-layout-flex wp-container-core-columns-is-layout-1da03c2a wp-block-columns-is-layout-flex\">\n<div class=\"wp-block-column is-layout-flow wp-block-column-is-layout-flow\">\n<figure class=\"wp-block-image size-large has-custom-border\"><img decoding=\"async\" src=\"https:\/\/restingwell.com\/wp-content\/uploads\/2025\/12\/freepik__talk__12525-747x1024.png\" alt=\"Double-walled construction with insulation in Restingwell Spirit sensory deprivation tank \u2013 delivers thermal stability, reduces energy use, and boosts structural durability against corrosive Epsom salt\" class=\"wp-image-592\" style=\"border-top-left-radius:0rem;border-top-right-radius:0rem;border-bottom-left-radius:20rem;border-bottom-right-radius:20rem;aspect-ratio:1;object-fit:cover\"\/><\/figure>\n<\/div>\n\n\n\n<div class=\"wp-block-column is-vertically-aligned-center is-layout-flow wp-block-column-is-layout-flow\">\n<div class=\"wp-block-group has-global-padding is-layout-constrained wp-block-group-is-layout-constrained\" style=\"border-bottom-color:var(--wp--preset--color--tertiary);border-bottom-width:1px;margin-top:0;padding-top:var(--wp--preset--spacing--30);padding-bottom:var(--wp--preset--spacing--30)\">\n<h3 class=\"wp-block-heading has-medium-font-size\">Gebaut, um Probleme langfristig zu reduzieren.<\/h3>\n\n\n<h2 class=\"wp-block-post-title\">Spirit Isolationtank Design<\/h2>\n\n\n<p class=\"has-text-align-left has-medium-font-size\">Jedes Designdetail im Spirit Schwebetank dient dazu, Probleme mit der Zeit zu minimieren und den Besitz zu vereinfachen. Wichtige Konstruktionsentscheidungen:<\/p>\n\n\n\n<p class=\"has-text-align-left has-medium-font-size\"><strong>Filtrationseinheit auf ergonomischer Arbeitsh\u00f6he<\/strong><br>Erm\u00f6glicht schnelle und bequeme t\u00e4gliche Checks und Filterwechsel. <\/p>\n\n\n\n<p class=\"has-text-align-left has-medium-font-size\"><strong>Lautsprecher und Beleuchtung oberhalb der Wasserlinie <\/strong><br>Eliminiert das Risiko von Undichtigkeiten durch unter Wasser liegende Komponenten.<\/p>\n\n\n\n<p class=\"has-text-align-left has-medium-font-size\"><strong>Keine Durchbr\u00fcche im unteren Tankk\u00f6rper<\/strong><br>Weniger Schwachstellen und geringeres Langzeit-Leckagerisiko.<\/p>\n\n\n\n<p class=\"has-text-align-left has-medium-font-size\"><strong>Glatte, durchgehende Oberfl\u00e4chen<\/strong><br>Einfachere Reinigung, bessere Hygiene und weniger Salzablagerungen.<\/p>\n\n\n\n<p class=\"has-text-align-left has-medium-font-size\"><strong>Doppelwandige Konstruktion mit Isolierung<\/strong><br>Der Restingwell Spirit ist ein energieeffizienter Isolationstank. Dank thermischer Stabilit\u00e4t sinkt der Energieverbrauch und die strukturelle Haltbark.<\/p>\n<\/div>\n\n\n\n<h2 class=\"wp-block-heading has-text-align-left\">Design f\u00fcr tiefe REST &amp; langfristige Zuverl\u00e4ssigkeit<\/h2>\n\n\n\n<p class=\"has-text-align-left has-medium-font-size\">Floating geht um die Reduktion von Stimulation. Deshalb sollte der Schwebetank selbst keine unn\u00f6tige Komplexit\u00e4t einf\u00fchren.<\/p>\n\n\n\n<p class=\"has-text-align-left has-medium-font-size\" id=\"block-423e33df-5457-41a6-8107-49c460f119c9\">Statt fragiler High-Tech setzen wir auf:<\/p>\n\n\n\n<ul id=\"block-4ab511ed-79c2-46bd-9a0e-d3ba3dfc0bce\" class=\"wp-block-list\">\n<li class=\"has-medium-font-size\"><strong>Saubere <\/strong>Konstruktion<\/li>\n\n\n\n<li class=\"has-medium-font-size\"><strong>Logische <\/strong>Anordnung <\/li>\n\n\n\n<li class=\"has-medium-font-size\"><strong>Bew\u00e4hrte <\/strong>Komponenten <\/li>\n\n\n\n<li class=\"has-medium-font-size\"><strong>Intuitive <\/strong>Bedienung <\/li>\n<\/ul>\n\n\n\n<p class=\"has-text-align-left has-medium-font-size\">Das ergibt ein System, das leise im Hintergrund arbeitet \u2013 f\u00fcr G\u00e4ste ein echtes <strong>Flotation-REST<\/strong>-Erlebnis und f\u00fcr Betreiber sicheren, stressfreien Betrieb.<\/p>\n\n\n\n<div class=\"wp-block-buttons is-layout-flex wp-block-buttons-is-layout-flex\">\n<div class=\"wp-block-button\"><a class=\"wp-block-button__link wp-element-button\" href=\"https:\/\/restingwell.de\/en\/wissenschaft\/ursprung\/\">Was ist Flotation-REST?<\/a><\/div>\n<\/div>\n<\/div>\n<\/div>\n<\/div>\n\n\n\n<div class=\"wp-block-group alignfull is-style-ext-preset--group--natural-1--section has-base-background-color has-background has-global-padding is-layout-constrained wp-container-core-group-is-layout-3e3c5440 wp-block-group-is-layout-constrained\" style=\"margin-top:0;margin-bottom:0;padding-top:min(7rem,10vw);padding-bottom:min(7rem,10vw)\">\n<div class=\"wp-block-columns alignwide is-layout-flex wp-container-core-columns-is-layout-47c06fe3 wp-block-columns-is-layout-flex\">\n<div class=\"wp-block-column is-vertically-aligned-stretch has-accent-5-background-color has-background is-layout-flow wp-container-core-column-is-layout-b4d1c1eb wp-block-column-is-layout-flow\" style=\"border-top-left-radius:21px;border-top-right-radius:21px;border-bottom-left-radius:21px;border-bottom-right-radius:21px;padding-top:var(--wp--preset--spacing--20);padding-right:var(--wp--preset--spacing--20);padding-bottom:var(--wp--preset--spacing--20);padding-left:var(--wp--preset--spacing--20)\">\n<div class=\"wp-block-group is-style-ext-preset--group--natural-1--item-card-1--align-center has-global-padding is-layout-constrained wp-block-group-is-layout-constrained is-style-ext-preset--group--natural-1--item-card-1--align-center--6\">\n<figure class=\"wp-block-image aligncenter size-large ext-aspect-landscape\"><img decoding=\"async\" src=\"https:\/\/restingwell.com\/wp-content\/uploads\/2025\/12\/freepik__talk__68617-1-1024x696.png\" alt=\"Non-claustrophobic, open design with side entrance in Restingwell Spirit float tank \u2013 creates a natural, comfortable feel for deeper relaxation and easier guest access\" class=\"wp-image-690\" style=\"aspect-ratio:4\/3;object-fit:cover\"\/><\/figure>\n\n\n\n<div class=\"wp-block-group is-style-default has-global-padding is-layout-constrained wp-block-group-is-layout-constrained\">\n<h3 class=\"wp-block-heading has-text-align-center\">Skandinavisches Design, das zeitlos bleibt<\/h3>\n\n\n\n<p class=\"has-text-align-center\">Trends vergehen. Ruhe, Klarheit und Funktionalit\u00e4t bleiben.<\/p>\n\n\n\n<p class=\"has-text-align-center\">Der <strong>Spirit Schwebetank<\/strong>: <\/p>\n\n\n\n<ul class=\"wp-block-list\">\n<li>Wirkt modern, ohne trendy zu sein<\/li>\n\n\n\n<li>Passt nat\u00fcrlich in Spas, Kliniken und Wellnessr\u00e4ume<\/li>\n\n\n\n<li>Bleibt lange nach der Installation relevant<\/li>\n<\/ul>\n\n\n\n<p class=\"has-text-align-center\">Es handelt sich um ein professionelles Flotationssystem, das technisch und optisch elegant altert.<\/p>\n<\/div>\n<\/div>\n<\/div>\n\n\n\n<div class=\"wp-block-column is-vertically-aligned-stretch has-accent-5-background-color has-background is-layout-flow wp-container-core-column-is-layout-7b4c2e48 wp-block-column-is-layout-flow\" style=\"border-top-left-radius:21px;border-top-right-radius:21px;border-bottom-left-radius:21px;border-bottom-right-radius:21px;padding-top:var(--wp--preset--spacing--20);padding-right:var(--wp--preset--spacing--20);padding-bottom:var(--wp--preset--spacing--20);padding-left:var(--wp--preset--spacing--20)\">\n<div class=\"wp-block-group is-style-ext-preset--group--natural-1--item-card-1--align-center has-global-padding is-layout-constrained wp-block-group-is-layout-constrained is-style-ext-preset--group--natural-1--item-card-1--align-center--7\">\n<figure class=\"wp-block-image aligncenter size-large ext-aspect-landscape\"><img decoding=\"async\" src=\"https:\/\/restingwell.com\/wp-content\/uploads\/2025\/12\/freepik__create-more-photos-of-relaxed-subjects-floating-ho__68623-1024x1024.png\" alt=\"Above-waterline placement of speakers and lighting in Spirit isolation tank \u2013 eliminates leak risks and ensures reliable, long-term performance in high-usage float environments\" class=\"wp-image-678\" style=\"aspect-ratio:4\/3;object-fit:cover\"\/><\/figure>\n\n\n\n<div class=\"wp-block-group is-style-default has-global-padding is-layout-constrained wp-block-group-is-layout-constrained\">\n<h3 class=\"wp-block-heading has-text-align-center\">Entwickelt durch Nutzung, nicht durch Annahmen<\/h3>\n\n\n\n<p class=\"has-text-align-center\">Weil wir unser eigenes Floatingcenter betreiben, sind Designentscheidungen nie theoretisch. <\/p>\n\n\n\n<p class=\"has-text-align-center\">Jede Verbesserung wird unter realen Bedingungen getestet:<\/p>\n\n\n\n<ul class=\"wp-block-list\">\n<li>T\u00e4gliche Sessions<\/li>\n\n\n\n<li>Hochfrequentierte Umgebungen<\/li>\n\n\n\n<li>Langfristige Wartungszyklen<\/li>\n<\/ul>\n<\/div>\n<\/div>\n<\/div>\n\n\n\n<div class=\"wp-block-column is-vertically-aligned-stretch has-accent-5-background-color has-background is-layout-flow wp-container-core-column-is-layout-7b4c2e48 wp-block-column-is-layout-flow\" style=\"border-top-left-radius:21px;border-top-right-radius:21px;border-bottom-left-radius:21px;border-bottom-right-radius:21px;padding-top:var(--wp--preset--spacing--20);padding-right:var(--wp--preset--spacing--20);padding-bottom:var(--wp--preset--spacing--20);padding-left:var(--wp--preset--spacing--20)\">\n<div class=\"wp-block-group is-style-ext-preset--group--natural-1--item-card-1--align-center has-global-padding is-layout-constrained wp-block-group-is-layout-constrained is-style-ext-preset--group--natural-1--item-card-1--align-center--8\">\n<figure class=\"wp-block-image aligncenter size-full has-custom-border ext-aspect-landscape\" style=\"margin-right:0;margin-left:0\"><img decoding=\"async\" src=\"https:\/\/restingwell.com\/wp-content\/uploads\/2025\/12\/lottakarlstad.jpg\" alt=\"Ergonomic filtration unit positioned at comfortable working height in Restingwell Spirit float tank \u2013 simplifies daily maintenance, filter changes, and service for float center operators\" class=\"wp-image-373\" style=\"border-style:none;border-width:0px;aspect-ratio:4\/3;object-fit:cover\"\/><\/figure>\n\n\n\n<div class=\"wp-block-group is-style-default has-global-padding is-layout-constrained wp-block-group-is-layout-constrained\">\n<h3 class=\"wp-block-heading has-text-align-center\">Form folgt Funktion<\/h3>\n\n\n\n<p class=\"has-text-align-center\">Jede Linie, Oberfl\u00e4che und jedes Material im Spirit Schwebetank erf\u00fcllt einen Zweck:<\/p>\n\n\n\n<ul class=\"wp-block-list\">\n<li>Einfache Reinigung<\/li>\n\n\n\n<li>Bequemer Zugang<\/li>\n\n\n\n<li>Offenes, nicht klaustrophobisches Gef\u00fchl<\/li>\n\n\n\n<li>Langfristige Haltbarkeit<\/li>\n<\/ul>\n\n\n\n<p class=\"has-text-align-center\">Das Ergebnis ist ein <strong>wartungsarmer Sinnesentzugstank<\/strong> \u2013 weder mechanisch noch \u00fcberladen.<\/p>\n\n\n\n<p class=\"has-text-align-center\"><\/p>\n<\/div>\n<\/div>\n<\/div>\n<\/div>\n\n\n\n<div class=\"wp-block-buttons is-content-justification-center is-layout-flex wp-container-core-buttons-is-layout-fe1bbffc wp-block-buttons-is-layout-flex\" style=\"padding-top:var(--wp--preset--spacing--30);padding-bottom:var(--wp--preset--spacing--30)\">\n<div class=\"wp-block-button is-style-ext-preset--button--natural-1--button-1 is-style-ext-preset--button--natural-1--button-1--9\"><a class=\"wp-block-button__link wp-element-button\" href=\"https:\/\/restingwell.de\/en\/erfahrung\/\" style=\"padding-top:var(--wp--preset--spacing--20);padding-bottom:var(--wp--preset--spacing--20)\"><strong>Mehr \u00fcber unser Floating-Erlebnis erfahren<\/strong><\/a><\/div>\n<\/div>\n<\/div>","protected":false},"excerpt":{"rendered":"<p>Bei Restingwell geht Design nicht um Dekoration. Es geht um Funktion, Ruhe und langfristige Zuverl\u00e4ssigkeit. Unsere Design-Philosophie basiert auf skandinavischen Engineering-Traditionen und jahrzehntelanger Praxiserfahrung beim Betrieb ergonomischer Schwebetanks in realen Umgebungen. Gebaut, um Probleme langfristig zu reduzieren. Jedes Designdetail im Spirit Schwebetank dient dazu, Probleme mit der Zeit zu minimieren und den Besitz zu vereinfachen. [&hellip;]<\/p>","protected":false},"author":1,"featured_media":0,"parent":0,"menu_order":0,"comment_status":"closed","ping_status":"closed","template":"page-with-title","meta":{"_monsterinsights_skip_tracking":false,"_monsterinsights_sitenote_active":false,"_monsterinsights_sitenote_note":"","_monsterinsights_sitenote_category":0,"iawp_total_views":8,"footnotes":""},"class_list":["post-50","page","type-page","status-publish","hentry"],"aioseo_notices":[],"_links":{"self":[{"href":"https:\/\/restingwell.de\/en\/wp-json\/wp\/v2\/pages\/50","targetHints":{"allow":["GET"]}}],"collection":[{"href":"https:\/\/restingwell.de\/en\/wp-json\/wp\/v2\/pages"}],"about":[{"href":"https:\/\/restingwell.de\/en\/wp-json\/wp\/v2\/types\/page"}],"author":[{"embeddable":true,"href":"https:\/\/restingwell.de\/en\/wp-json\/wp\/v2\/users\/1"}],"replies":[{"embeddable":true,"href":"https:\/\/restingwell.de\/en\/wp-json\/wp\/v2\/comments?post=50"}],"version-history":[{"count":5,"href":"https:\/\/restingwell.de\/en\/wp-json\/wp\/v2\/pages\/50\/revisions"}],"predecessor-version":[{"id":209,"href":"https:\/\/restingwell.de\/en\/wp-json\/wp\/v2\/pages\/50\/revisions\/209"}],"wp:attachment":[{"href":"https:\/\/restingwell.de\/en\/wp-json\/wp\/v2\/media?parent=50"}],"curies":[{"name":"wp","href":"https:\/\/api.w.org\/{rel}","templated":true}]}}