{"id":21,"date":"2026-01-26T16:51:44","date_gmt":"2026-01-26T16:51:44","guid":{"rendered":"https:\/\/restingwell.de\/om\/"},"modified":"2026-01-29T19:28:18","modified_gmt":"2026-01-29T19:28:18","slug":"about","status":"publish","type":"page","link":"https:\/\/restingwell.de\/en\/about\/","title":{"rendered":"\u00dcber uns"},"content":{"rendered":"\n<div class=\"wp-block-group alignfull is-style-ext-preset--group--natural-1--section has-background-background-color has-background has-global-padding is-layout-constrained wp-block-group-is-layout-constrained\" id=\"om\" style=\"margin-top:0;margin-bottom:0;padding-top:var(--wp--preset--spacing--70);padding-bottom:var(--wp--preset--spacing--70)\">\n<div class=\"wp-block-columns alignwide are-vertically-aligned-center is-layout-flex wp-container-core-columns-is-layout-174606dc wp-block-columns-is-layout-flex\">\n<div class=\"wp-block-column is-vertically-aligned-center is-layout-flow wp-block-column-is-layout-flow\">\n<div class=\"wp-block-group alignwide is-vertical is-layout-flex wp-container-core-group-is-layout-c35747d5 wp-block-group-is-layout-flex\">\n<div class=\"wp-block-group has-global-padding is-layout-constrained wp-container-core-group-is-layout-dd32767c wp-block-group-is-layout-constrained\">\n<h2 class=\"wp-block-heading\">Erleben Sie tiefe k\u00f6rperliche und mentale Entspannung mit unseren Floating-Tanks<\/h2>\n\n\n\n<p>Restingwell AB entwickelt professionelle Floating-Tanks, die tiefe Entspannung und Regeneration f\u00f6rdern \u2013 mit Fokus auf Stressreduktion und verbessertes Wohlbefinden.<\/p>\n<\/div>\n<\/div>\n<\/div>\n\n\n\n<div class=\"wp-block-column is-vertically-aligned-center is-layout-flow wp-block-column-is-layout-flow\">\n<figure class=\"wp-block-image size-large is-style-ext-preset--image--natural-1--image-1--content-left is-style-ext-preset--image--natural-1--image-1--content-left--2\"><img loading=\"lazy\" decoding=\"async\" width=\"683\" height=\"1024\" src=\"https:\/\/restingwell.de\/wp-content\/uploads\/2026\/01\/Anna-vid-tanken1-683x1024.jpg\" alt=\"\" class=\"wp-image-59\" style=\"aspect-ratio:1;object-fit:cover\" srcset=\"https:\/\/restingwell.de\/wp-content\/uploads\/2026\/01\/Anna-vid-tanken1-683x1024.jpg 683w, https:\/\/restingwell.de\/wp-content\/uploads\/2026\/01\/Anna-vid-tanken1-200x300.jpg 200w, https:\/\/restingwell.de\/wp-content\/uploads\/2026\/01\/Anna-vid-tanken1-768x1152.jpg 768w, https:\/\/restingwell.de\/wp-content\/uploads\/2026\/01\/Anna-vid-tanken1-8x12.jpg 8w, https:\/\/restingwell.de\/wp-content\/uploads\/2026\/01\/Anna-vid-tanken1.jpg 800w\" sizes=\"auto, (max-width: 683px) 100vw, 683px\" \/><\/figure>\n<\/div>\n<\/div>\n<\/div>\n\n\n\n<div class=\"wp-block-group alignfull is-style-ext-preset--group--natural-1--section has-tertiary-background-color has-background has-global-padding is-layout-constrained wp-container-core-group-is-layout-e955bbaf wp-block-group-is-layout-constrained\" id=\"funktioner\" style=\"margin-top:0;margin-bottom:0;padding-top:var(--wp--preset--spacing--70);padding-bottom:var(--wp--preset--spacing--70)\">\n<div class=\"wp-block-group alignwide is-vertical is-content-justification-center is-layout-flex wp-container-core-group-is-layout-c9ee0c5a wp-block-group-is-layout-flex\">\n<div class=\"wp-block-group has-global-padding is-layout-constrained wp-container-core-group-is-layout-2287c683 wp-block-group-is-layout-constrained\">\n<h2 class=\"wp-block-heading has-text-align-center\">Erleben Sie tiefe Entspannung mit Restingwell.<\/h2>\n\n\n\n<p class=\"has-text-align-center\">Seit 2005 weltweit gesch\u00e4tzt von Wellnesszentren, \u00c4rzten, Hotels und Spas<\/p>\n<\/div>\n<\/div>\n\n\n\n<div class=\"wp-block-columns alignwide is-layout-flex wp-container-core-columns-is-layout-08c01c1c wp-block-columns-is-layout-flex\">\n<div class=\"wp-block-column is-layout-flow wp-block-column-is-layout-flow\">\n<div class=\"wp-block-group is-style-ext-preset--group--natural-1--item-card-1--align-center has-global-padding is-layout-constrained wp-block-group-is-layout-constrained is-style-ext-preset--group--natural-1--item-card-1--align-center--4\">\n<figure class=\"wp-block-image size-large\"><img loading=\"lazy\" decoding=\"async\" width=\"1024\" height=\"768\" src=\"https:\/\/restingwell.de\/wp-content\/uploads\/2026\/01\/Inside-under-the-pump-section-1024x768.jpg\" alt=\"\" class=\"wp-image-63\" style=\"aspect-ratio:4\/3;object-fit:cover\" srcset=\"https:\/\/restingwell.de\/wp-content\/uploads\/2026\/01\/Inside-under-the-pump-section-1024x768.jpg 1024w, https:\/\/restingwell.de\/wp-content\/uploads\/2026\/01\/Inside-under-the-pump-section-300x225.jpg 300w, https:\/\/restingwell.de\/wp-content\/uploads\/2026\/01\/Inside-under-the-pump-section-768x576.jpg 768w, https:\/\/restingwell.de\/wp-content\/uploads\/2026\/01\/Inside-under-the-pump-section-1536x1152.jpg 1536w, https:\/\/restingwell.de\/wp-content\/uploads\/2026\/01\/Inside-under-the-pump-section-16x12.jpg 16w, https:\/\/restingwell.de\/wp-content\/uploads\/2026\/01\/Inside-under-the-pump-section.jpg 2000w\" sizes=\"auto, (max-width: 1024px) 100vw, 1024px\" \/><\/figure>\n\n\n\n<div class=\"wp-block-group is-style-default has-global-padding is-layout-constrained wp-block-group-is-layout-constrained\">\n<h3 class=\"wp-block-heading has-text-align-center\">Schwerelose Entspannung<\/h3>\n\n\n\n<p class=\"has-text-align-center\">Schwebe schwerelos im warmen Salzwasser f\u00fcr maximale Erholung und Ruhe.<\/p>\n<\/div>\n<\/div>\n<\/div>\n\n\n\n<div class=\"wp-block-column is-layout-flow wp-block-column-is-layout-flow\">\n<div class=\"wp-block-group is-style-ext-preset--group--natural-1--item-card-1--align-center has-global-padding is-layout-constrained wp-block-group-is-layout-constrained is-style-ext-preset--group--natural-1--item-card-1--align-center--5\">\n<figure class=\"wp-block-image size-large\"><img loading=\"lazy\" decoding=\"async\" width=\"1024\" height=\"683\" src=\"https:\/\/restingwell.de\/wp-content\/uploads\/2026\/01\/FEEZ-14-1024x683.webp\" alt=\"\" class=\"wp-image-62\" style=\"aspect-ratio:4\/3;object-fit:cover\" srcset=\"https:\/\/restingwell.de\/wp-content\/uploads\/2026\/01\/FEEZ-14-1024x683.webp 1024w, https:\/\/restingwell.de\/wp-content\/uploads\/2026\/01\/FEEZ-14-300x200.webp 300w, https:\/\/restingwell.de\/wp-content\/uploads\/2026\/01\/FEEZ-14-768x512.webp 768w, https:\/\/restingwell.de\/wp-content\/uploads\/2026\/01\/FEEZ-14-18x12.webp 18w, https:\/\/restingwell.de\/wp-content\/uploads\/2026\/01\/FEEZ-14.webp 1360w\" sizes=\"auto, (max-width: 1024px) 100vw, 1024px\" \/><\/figure>\n\n\n\n<div class=\"wp-block-group is-style-default has-global-padding is-layout-constrained wp-block-group-is-layout-constrained\">\n<h3 class=\"wp-block-heading has-text-align-center\">Stressreduzierende Wirkung<\/h3>\n\n\n\n<p class=\"has-text-align-center\">Reduzieren Sie Stress und f\u00f6rdern Sie Ihr seelisches Gleichgewicht durch regelm\u00e4\u00dfige Floating-Sitzungen..<\/p>\n<\/div>\n<\/div>\n<\/div>\n\n\n\n<div class=\"wp-block-column is-layout-flow wp-block-column-is-layout-flow\">\n<div class=\"wp-block-group is-style-ext-preset--group--natural-1--item-card-1--align-center has-global-padding is-layout-constrained wp-block-group-is-layout-constrained is-style-ext-preset--group--natural-1--item-card-1--align-center--6\">\n<figure class=\"wp-block-image size-large\"><img loading=\"lazy\" decoding=\"async\" width=\"1024\" height=\"683\" src=\"https:\/\/restingwell.de\/wp-content\/uploads\/2026\/01\/ChatGPT-Image-21-jan.-2026-13_39_45-1024x683.png\" alt=\"\" class=\"wp-image-60\" style=\"aspect-ratio:4\/3;object-fit:cover\" srcset=\"https:\/\/restingwell.de\/wp-content\/uploads\/2026\/01\/ChatGPT-Image-21-jan.-2026-13_39_45-1024x683.png 1024w, https:\/\/restingwell.de\/wp-content\/uploads\/2026\/01\/ChatGPT-Image-21-jan.-2026-13_39_45-300x200.png 300w, https:\/\/restingwell.de\/wp-content\/uploads\/2026\/01\/ChatGPT-Image-21-jan.-2026-13_39_45-768x512.png 768w, https:\/\/restingwell.de\/wp-content\/uploads\/2026\/01\/ChatGPT-Image-21-jan.-2026-13_39_45-18x12.png 18w, https:\/\/restingwell.de\/wp-content\/uploads\/2026\/01\/ChatGPT-Image-21-jan.-2026-13_39_45.png 1536w\" sizes=\"auto, (max-width: 1024px) 100vw, 1024px\" \/><\/figure>\n\n\n\n<div class=\"wp-block-group is-style-default has-global-padding is-layout-constrained wp-block-group-is-layout-constrained\">\n<h3 class=\"wp-block-heading has-text-align-center\">Verbesserter Schlaf<\/h3>\n\n\n\n<p class=\"has-text-align-center\">Verbessern Sie Ihre Schlafqualit\u00e4t durch Floating-Therapie<\/p>\n<\/div>\n<\/div>\n<\/div>\n<\/div>\n<\/div>\n\n\n\n<div class=\"wp-block-group alignfull is-style-ext-preset--group--natural-1--section has-background-background-color has-background has-global-padding is-layout-constrained wp-container-core-group-is-layout-e955bbaf wp-block-group-is-layout-constrained\" style=\"margin-top:0;margin-bottom:0;padding-top:var(--wp--preset--spacing--70);padding-bottom:var(--wp--preset--spacing--70)\">\n<div class=\"wp-block-group alignwide is-vertical is-layout-flex wp-container-core-group-is-layout-c35747d5 wp-block-group-is-layout-flex\">\n<div class=\"wp-block-group has-global-padding is-layout-constrained wp-container-core-group-is-layout-5e05634a wp-block-group-is-layout-constrained\">\n<h2 class=\"wp-block-heading\">Unser Fundament basiert auf Qualit\u00e4t und nachweislichen Ergebnissen.<\/h2>\n\n\n\n<p class=\"has-text-align-left\">Wir verf\u00fcgen \u00fcber die Erfahrung, die uns erfolgreich gemacht hat. Der Samadhi-Tank sollte innen gro\u00df sein.<\/p>\n<\/div>\n<\/div>\n\n\n\n<div class=\"wp-block-columns alignwide is-layout-flex wp-container-core-columns-is-layout-174606dc wp-block-columns-is-layout-flex\">\n<div class=\"wp-block-column is-vertically-aligned-center is-layout-flow wp-block-column-is-layout-flow\">\n<div class=\"wp-block-columns is-layout-flex wp-container-core-columns-is-layout-28f84493 wp-block-columns-is-layout-flex\">\n<div class=\"wp-block-column is-vertically-aligned-stretch is-layout-flow wp-block-column-is-layout-flow\">\n<div class=\"wp-block-group is-style-ext-preset--group--natural-1--item-card-1--align-start has-global-padding is-layout-constrained wp-block-group-is-layout-constrained is-style-ext-preset--group--natural-1--item-card-1--align-start--8\">\n<div class=\"wp-block-group is-style-default has-global-padding is-layout-constrained wp-block-group-is-layout-constrained\">\n<figure class=\"wp-block-image size-large ext-aspect-landscape wp-duotone-primary-foreground\"><img decoding=\"async\" src=\"data:image\/svg+xml;base64,PHN2ZyB4bWxucz0iaHR0cDovL3d3dy53My5vcmcvMjAwMC9zdmciIHdpZHRoPSI0OCIgaGVpZ2h0PSI0OCIgZmlsbD0iIzAwMDAwMCIgdmlld0JveD0iMCAwIDI1NiAyNTYiPjxwYXRoIGQ9Ik0xNzIsNzZhNDQsNDQsMCwxLDAtNDQsNDRBNDQuMDUsNDQuMDUsMCwwLDAsMTcyLDc2Wm0tNDQsMjhhMjgsMjgsMCwxLDEsMjgtMjhBMjgsMjgsMCwwLDEsMTI4LDEwNFptNjAsMjRhNDQsNDQsMCwxLDAsNDQsNDRBNDQuMDUsNDQuMDUsMCwwLDAsMTg4LDEyOFptMCw3MmEyOCwyOCwwLDEsMSwyOC0yOEEyOCwyOCwwLDAsMSwxODgsMjAwWk02OCwxMjhhNDQsNDQsMCwxLDAsNDQsNDRBNDQuMDUsNDQuMDUsMCwwLDAsNjgsMTI4Wm0wLDcyYTI4LDI4LDAsMSwxLDI4LTI4QTI4LDI4LDAsMCwxLDY4LDIwMFoiPjwvcGF0aD48L3N2Zz4=\" alt=\"\" style=\"object-fit:cover\"\/><\/figure>\n\n\n\n<h3 class=\"wp-block-heading\">Gro\u00df, aber kompakt.<\/h3>\n\n\n\n<p>Einfache Installation \u2013 kein externer Pumpenbereich erforderlich<\/p>\n<\/div>\n<\/div>\n<\/div>\n<\/div>\n\n\n\n<div class=\"wp-block-columns is-layout-flex wp-container-core-columns-is-layout-28f84493 wp-block-columns-is-layout-flex\">\n<div class=\"wp-block-column is-vertically-aligned-stretch is-layout-flow wp-block-column-is-layout-flow\">\n<div class=\"wp-block-group is-style-ext-preset--group--natural-1--item-card-1--align-start has-global-padding is-layout-constrained wp-block-group-is-layout-constrained is-style-ext-preset--group--natural-1--item-card-1--align-start--9\">\n<div class=\"wp-block-group is-style-default has-global-padding is-layout-constrained wp-block-group-is-layout-constrained\">\n<figure class=\"wp-block-image size-large ext-aspect-landscape wp-duotone-primary-foreground\"><img decoding=\"async\" src=\"data:image\/svg+xml;base64,PHN2ZyB4bWxucz0iaHR0cDovL3d3dy53My5vcmcvMjAwMC9zdmciIHdpZHRoPSI0OCIgaGVpZ2h0PSI0OCIgZmlsbD0iIzAwMDAwMCIgdmlld0JveD0iMCAwIDI1NiAyNTYiPjxwYXRoIGQ9Ik0yNDgsMTI4YTU2LDU2LDAsMCwxLTk1LjYsMzkuNmwtLjMzLS4zNUw5Mi4xMiw5OS41NWE0MCw0MCwwLDEsMCwwLDU2LjlsOC41Mi05LjYyYTgsOCwwLDEsMSwxMiwxMC42MWwtOC42OSw5LjgxLS4zMy4zNWE1Niw1NiwwLDEsMSwwLTc5LjJsLjMzLjM1LDU5Ljk1LDY3LjdhNDAsNDAsMCwxLDAsMC01Ni45bC04LjUyLDkuNjJhOCw4LDAsMSwxLTEyLTEwLjYxbDguNjktOS44MS4zMy0uMzVBNTYsNTYsMCwwLDEsMjQ4LDEyOFoiPjwvcGF0aD48L3N2Zz4=\" alt=\"\" style=\"object-fit:cover\"\/><\/figure>\n\n\n\n<h3 class=\"wp-block-heading\">Haben Sie ein ungenutztes Zimmer?<\/h3>\n\n\n\n<p>Einfache Installation und einfache Wartung<\/p>\n<\/div>\n<\/div>\n<\/div>\n<\/div>\n<\/div>\n\n\n\n<div class=\"wp-block-column is-vertically-aligned-stretch is-layout-flow wp-container-core-column-is-layout-119bc444 wp-block-column-is-layout-flow\">\n<div class=\"wp-block-cover is-light is-style-ext-preset--image--natural-1--image-1--content-bottom is-style-ext-preset--image--natural-1--image-1--content-bottom--10\" style=\"padding-top:0;padding-bottom:0;min-height:100%;aspect-ratio:unset;\"><img loading=\"lazy\" decoding=\"async\" width=\"800\" height=\"800\" class=\"wp-block-cover__image-background wp-image-54 size-full\" alt=\"\" src=\"https:\/\/restingwell.de\/wp-content\/uploads\/2026\/01\/Polen-Aga.jpg\" data-object-fit=\"cover\" srcset=\"https:\/\/restingwell.de\/wp-content\/uploads\/2026\/01\/Polen-Aga.jpg 800w, https:\/\/restingwell.de\/wp-content\/uploads\/2026\/01\/Polen-Aga-300x300.jpg 300w, https:\/\/restingwell.de\/wp-content\/uploads\/2026\/01\/Polen-Aga-150x150.jpg 150w, https:\/\/restingwell.de\/wp-content\/uploads\/2026\/01\/Polen-Aga-768x768.jpg 768w, https:\/\/restingwell.de\/wp-content\/uploads\/2026\/01\/Polen-Aga-12x12.jpg 12w\" sizes=\"auto, (max-width: 800px) 100vw, 800px\" \/><span aria-hidden=\"true\" class=\"wp-block-cover__background has-background-dim-0 has-background-dim\" style=\"background-color:#87869e\"><\/span><div class=\"wp-block-cover__inner-container is-layout-flow wp-block-cover-is-layout-flow\">\n<div style=\"height:240px\" aria-hidden=\"true\" class=\"wp-block-spacer\"><\/div>\n<\/div><\/div>\n<\/div>\n<\/div>\n<\/div>\n\n\n<div class=\"wpforms-container wpforms-block wpforms-block-a44782db-32fb-4241-a8d0-79d32b234f5d wpforms-render-modern\" id=\"wpforms-19\"><form id=\"wpforms-form-19\" class=\"wpforms-validate wpforms-form wpforms-ajax-form\" data-formid=\"19\" method=\"post\" enctype=\"multipart\/form-data\" action=\"\/en\/wp-json\/wp\/v2\/pages\/21\" data-token=\"733054bcd6c78645cb0408423869239d\" data-token-time=\"1777629002\"><noscript class=\"wpforms-error-noscript\">Please enable JavaScript in your browser to complete this form.<\/noscript><div id=\"wpforms-error-noscript\" style=\"display: none;\">Please enable JavaScript in your browser to complete this form.<\/div><div class=\"wpforms-field-container\">\t\t<div id=\"wpforms-19-field_4-container\"\n\t\t\tclass=\"wpforms-field wpforms-field-text\"\n\t\t\tdata-field-type=\"text\"\n\t\t\tdata-field-id=\"4\"\n\t\t\t>\n\t\t\t<label class=\"wpforms-field-label\" for=\"wpforms-19-field_4\" >Name E-mail Betreff<\/label>\n\t\t\t<input type=\"text\" id=\"wpforms-19-field_4\" class=\"wpforms-field-medium\" name=\"wpforms[fields][4]\" >\n\t\t<\/div>\n\t\t<div id=\"wpforms-19-field_1-container\" class=\"wpforms-field wpforms-field-name\" data-field-id=\"1\"><label class=\"wpforms-field-label\" for=\"wpforms-19-field_1\">Name<\/label><input type=\"text\" id=\"wpforms-19-field_1\" class=\"wpforms-field-medium\" name=\"wpforms[fields][1]\" aria-errormessage=\"wpforms-19-field_1-error\" ><\/div><div id=\"wpforms-19-field_2-container\" class=\"wpforms-field wpforms-field-email\" data-field-id=\"2\"><label class=\"wpforms-field-label\" for=\"wpforms-19-field_2\">E-mail <span class=\"wpforms-required-label\" aria-hidden=\"true\">*<\/span><\/label><input type=\"email\" id=\"wpforms-19-field_2\" class=\"wpforms-field-medium wpforms-field-required\" name=\"wpforms[fields][2]\" spellcheck=\"false\" aria-errormessage=\"wpforms-19-field_2-error\" required><\/div><div id=\"wpforms-19-field_3-container\" class=\"wpforms-field wpforms-field-textarea\" data-field-id=\"3\"><label class=\"wpforms-field-label\" for=\"wpforms-19-field_3\">Betreff<\/label><textarea id=\"wpforms-19-field_3\" class=\"wpforms-field-medium\" name=\"wpforms[fields][3]\" aria-errormessage=\"wpforms-19-field_3-error\" ><\/textarea><\/div><script>\n\t\t\t\t( function() {\n\t\t\t\t\tconst style = document.createElement( 'style' );\n\t\t\t\t\tstyle.appendChild( document.createTextNode( '#wpforms-19-field_4-container { position: absolute !important; overflow: hidden !important; display: inline !important; height: 1px !important; width: 1px !important; z-index: -1000 !important; padding: 0 !important; } #wpforms-19-field_4-container input { visibility: hidden; } #wpforms-conversational-form-page #wpforms-19-field_4-container label { counter-increment: none; }' ) );\n\t\t\t\t\tdocument.head.appendChild( style );\n\t\t\t\t\tdocument.currentScript?.remove();\n\t\t\t\t} )();\n\t\t\t<\/script><\/div><!-- .wpforms-field-container --><div class=\"wpforms-submit-container\" ><input type=\"hidden\" name=\"wpforms[id]\" value=\"19\"><input type=\"hidden\" name=\"page_title\" value=\"\"><input type=\"hidden\" name=\"page_url\" value=\"https:\/\/restingwell.de\/en\/wp-json\/wp\/v2\/pages\/21\"><input type=\"hidden\" name=\"url_referer\" value=\"\"><button type=\"submit\" name=\"wpforms[submit]\" id=\"wpforms-submit-19\" class=\"wpforms-submit\" data-alt-text=\"Senden ....\" data-submit-text=\"Senden\" aria-live=\"assertive\" value=\"wpforms-submit\">Senden<\/button><img loading=\"lazy\" decoding=\"async\" src=\"https:\/\/restingwell.de\/wp-content\/plugins\/wpforms-lite\/assets\/images\/submit-spin.svg\" class=\"wpforms-submit-spinner\" style=\"display: none;\" width=\"26\" height=\"26\" alt=\"Loading\"><\/div><\/form><\/div>  <!-- .wpforms-container -->\n\n<p>Restingwell AB. Bitte senden Sie uns eine E-Mail.\u00a0 <a href=\"mailto:kontakt@restingwell.de\">kontakt@restingwell.de<\/a><\/p>","protected":false},"excerpt":{"rendered":"<p>Erleben Sie tiefe k\u00f6rperliche und mentale Entspannung mit unseren Floating-Tanks Restingwell AB entwickelt professionelle Floating-Tanks, die tiefe Entspannung und Regeneration f\u00f6rdern \u2013 mit Fokus auf Stressreduktion und verbessertes Wohlbefinden. Erleben Sie tiefe Entspannung mit Restingwell. Seit 2005 weltweit gesch\u00e4tzt von Wellnesszentren, \u00c4rzten, Hotels und Spas Schwerelose Entspannung Schwebe schwerelos im warmen Salzwasser f\u00fcr maximale Erholung [&hellip;]<\/p>\n","protected":false},"author":1,"featured_media":0,"parent":0,"menu_order":0,"comment_status":"closed","ping_status":"closed","template":"page-with-title","meta":{"_monsterinsights_skip_tracking":false,"_monsterinsights_sitenote_active":false,"_monsterinsights_sitenote_note":"","_monsterinsights_sitenote_category":0,"iawp_total_views":0,"footnotes":""},"class_list":["post-21","page","type-page","status-publish","hentry"],"aioseo_notices":[],"_links":{"self":[{"href":"https:\/\/restingwell.de\/en\/wp-json\/wp\/v2\/pages\/21","targetHints":{"allow":["GET"]}}],"collection":[{"href":"https:\/\/restingwell.de\/en\/wp-json\/wp\/v2\/pages"}],"about":[{"href":"https:\/\/restingwell.de\/en\/wp-json\/wp\/v2\/types\/page"}],"author":[{"embeddable":true,"href":"https:\/\/restingwell.de\/en\/wp-json\/wp\/v2\/users\/1"}],"replies":[{"embeddable":true,"href":"https:\/\/restingwell.de\/en\/wp-json\/wp\/v2\/comments?post=21"}],"version-history":[{"count":5,"href":"https:\/\/restingwell.de\/en\/wp-json\/wp\/v2\/pages\/21\/revisions"}],"predecessor-version":[{"id":191,"href":"https:\/\/restingwell.de\/en\/wp-json\/wp\/v2\/pages\/21\/revisions\/191"}],"wp:attachment":[{"href":"https:\/\/restingwell.de\/en\/wp-json\/wp\/v2\/media?parent=21"}],"curies":[{"name":"wp","href":"https:\/\/api.w.org\/{rel}","templated":true}]}}