{"id":126,"date":"2026-01-29T17:46:51","date_gmt":"2026-01-29T17:46:51","guid":{"rendered":"https:\/\/restingwell.de\/?page_id=126"},"modified":"2026-01-29T19:38:36","modified_gmt":"2026-01-29T19:38:36","slug":"kunden-referenzen","status":"publish","type":"page","link":"https:\/\/restingwell.de\/en\/betreiber\/kunden-referenzen\/","title":{"rendered":"Wer nutzt Spirit Schwebetanks? | Gesundheitswesen, Spas &#038; Hotels \u2013 Restingwell"},"content":{"rendered":"<figure class=\"wp-block-image size-full\"><img decoding=\"async\" src=\"https:\/\/restingwell.com\/wp-content\/uploads\/2025\/12\/freepik__remove-steam__25515.png\" alt=\"Spirit float tank for private home use and personal relaxation\" class=\"wp-image-603\"\/><\/figure>\n\n\n\n<h1 class=\"wp-block-heading\">Wer kann mit dem Floating beginnen?<\/h1>\n\n\n\n<p>Der Spirit Schwebetank ist f\u00fcr Vielseitigkeit und Zuverl\u00e4ssigkeit konzipiert und eignet sich ideal sowohl f\u00fcr professionelle Unternehmen als auch f\u00fcr Privatpersonen. Ob Sie ein Wellnesscenter, eine Klinik, ein Hotel betreiben oder einfach einen eigenen Schwebetank zu Hause haben m\u00f6chten \u2013 unser System passt perfekt dank einfacher Installation, geringem Wartungsaufwand und bew\u00e4hrter Leistung.<\/p>\n\n\n\n<h2 class=\"wp-block-heading\">Professionelle &amp; Gesch\u00e4ftskunden \u2013 Wir bedienen weltweit eine gro\u00dfe Vielfalt:<\/h2>\n\n\n\n<h3 class=\"wp-block-heading\"><strong>Gesundheitswesen &amp; Kliniken<\/strong><\/h3>\n\n\n\n<ul class=\"wp-block-list\">\n<li>Krankenh\u00e4user<\/li>\n\n\n\n<li>\u00c4rzte<\/li>\n\n\n\n<li>Rehabilitations- und Physiotherapiekliniken<\/li>\n\n\n\n<li>Psychische Gesundheitsprogramme<\/li>\n<\/ul>\n\n\n\n<h3 class=\"wp-block-heading\"><strong>Wellness &amp; Therapie<\/strong><\/h3>\n\n\n\n<ul class=\"wp-block-list\">\n<li>Masseur\/Massuerinnen<\/li>\n\n\n\n<li>Alternative Gesundheitszentren<\/li>\n\n\n\n<li>Yoga- und Retreat-Zentren<\/li>\n<\/ul>\n\n\n\n<h3 class=\"wp-block-heading\"><strong>Hotels &amp; Gastgewerbe<\/strong><\/h3>\n\n\n\n<ul class=\"wp-block-list\">\n<li>Kleine Hotels und gro\u00dfe Hotelketten<\/li>\n\n\n\n<li>Spas<\/li>\n\n\n\n<li>Bed &amp; breakfast<\/li>\n\n\n\n<li>Airbnb-Wellness-Aufenthalte<\/li>\n<\/ul>\n\n\n\n<h3 class=\"wp-block-heading\"><strong>Sport &amp; Leistung<\/strong><\/h3>\n\n\n\n<ul class=\"wp-block-list\">\n<li>Athletik-Recovery-Zentren<\/li>\n\n\n\n<li>Hochleistungs-Teams und -Einrichtungen<\/li>\n<\/ul>\n\n\n\n<h3 class=\"wp-block-heading\"><strong>Forschung &amp; Institutionen<\/strong><\/h3>\n\n\n\n<ul class=\"wp-block-list\">\n<li>Universit\u00e4ts-Forschungsgruppen, die Flotation-REST untersuchen<\/li>\n<\/ul>\n\n\n\n<h3 class=\"wp-block-heading\"><strong>Spezielle Anwendungen<\/strong><\/h3>\n\n\n\n<ul class=\"wp-block-list\">\n<li>Professionelle Einheiten (Fall f\u00fcr Fall)<\/li>\n<\/ul>\n\n\n\n<h2 class=\"wp-block-heading\">Privatpersonen &amp; Heimnutzung<\/h2>\n\n\n\n<p>Privatpersonen k\u00f6nnen ebenfalls einen Spirit Schwebetank zu Hause besitzen. Dank unseres einfachen Designs ohne separaten Pumpenraum, schneller Installation (1,5\u20132 Stunden) und unkomplizierter Eigenwartung ist er perfekt f\u00fcr pers\u00f6nliches Wohlbefinden, Stressabbau, besseren Schlaf und tiefe Entspannung in den eigenen vier W\u00e4nden. Viele entscheiden sich daf\u00fcr wegen der langfristigen gesundheitlichen Vorteile \u2013 ohne professionellen Betrieb.<\/p>\n\n\n\n<h2 class=\"wp-block-heading\">Weltweit vertraut<\/h2>\n\n\n\n<p>Seit 2005 haben wir Schwebetanks in 22 L\u00e4nder geliefert, darunter: \u00d6sterreich, Belgien, China, Kroatien, Tschechien, D\u00e4nemark, England (UK), Estland, Finnland, Frankreich, Deutschland, Japan, Litauen, Niederlande, Norwegen, Polen, Rum\u00e4nien, Russland, Serbien, Schweden, Schweiz und Ukraine.<\/p>\n\n\n\n<h2 class=\"wp-block-heading\">F\u00fchrender Hersteller in Skandinavien<\/h2>\n\n\n\n<p>Wir sind ein vertrauensw\u00fcrdiges Unternehmen, das weltweit liefert \u2013 der Betreiber kann den Schwebetank selbst warten. Unser Unternehmen verf\u00fcgt \u00fcber mehr als 50 Jahre kombinierte Expertise in Engineering, Fertigung und Wellness-L\u00f6sungen, was h\u00f6chste Qualit\u00e4t und Langlebigkeit garantiert. Der Betreiber kann den Tank selbst warten \u2013 einfach, kosteng\u00fcnstig und zuverl\u00e4ssig.<\/p>\n\n\n\n<p><strong>Der f\u00fchrende Hersteller in den skandinavischen L\u00e4ndern<\/strong><\/p>\n\n\n\n<div class=\"wp-block-columns is-layout-flex wp-container-core-columns-is-layout-28f84493 wp-block-columns-is-layout-flex\">\n<div class=\"wp-block-column is-layout-flow wp-block-column-is-layout-flow\">\n<figure class=\"wp-block-image size-full is-resized\"><img decoding=\"async\" src=\"https:\/\/restingwell.com\/wp-content\/uploads\/2025\/11\/RWLogga-1.png\" alt=\"Delivered to 22 countries since 2005 \u2013 simple maintenance for owners everywhere.\" class=\"wp-image-79\" style=\"aspect-ratio:1.651379991618272;width:233px;height:auto\"\/><\/figure>\n<\/div>\n\n\n\n<div class=\"wp-block-column is-layout-flow wp-block-column-is-layout-flow\">\n<figure class=\"wp-block-image size-full is-resized\"><img decoding=\"async\" src=\"https:\/\/restingwell.com\/wp-content\/uploads\/2025\/12\/50-Years-in-the-family.jpg\" alt=\"Delivered to 22 countries since 1975 \u2013 simple maintenance for owners everywhere.\" class=\"wp-image-539\" style=\"aspect-ratio:1.1363761493145406;width:305px;height:auto\"\/><\/figure>\n<\/div>\n<\/div>\n\n\n\n<p>Der f\u00fchrende Hersteller in den skandinavischen L\u00e4ndern<\/p>\n\n\n\n<p>M\u00f6chten Sie wissen, was Ihr Raum braucht, um loszulegen? Kontaktieren Sie uns noch heute f\u00fcr eine kostenlose Beratung zu Platzbedarf, Installation und wie der Spirit perfekt zu Ihrem Unternehmen passt!<\/p>","protected":false},"excerpt":{"rendered":"<p>Wer kann mit dem Floating beginnen? Der Spirit Schwebetank ist f\u00fcr Vielseitigkeit und Zuverl\u00e4ssigkeit konzipiert und eignet sich ideal sowohl f\u00fcr professionelle Unternehmen als auch f\u00fcr Privatpersonen. Ob Sie ein Wellnesscenter, eine Klinik, ein Hotel betreiben oder einfach einen eigenen Schwebetank zu Hause haben m\u00f6chten \u2013 unser System passt perfekt dank einfacher Installation, geringem Wartungsaufwand [&hellip;]<\/p>","protected":false},"author":1,"featured_media":0,"parent":52,"menu_order":0,"comment_status":"closed","ping_status":"closed","template":"page-with-title","meta":{"_monsterinsights_skip_tracking":false,"_monsterinsights_sitenote_active":false,"_monsterinsights_sitenote_note":"","_monsterinsights_sitenote_category":0,"iawp_total_views":7,"footnotes":""},"class_list":["post-126","page","type-page","status-publish","hentry"],"aioseo_notices":[],"_links":{"self":[{"href":"https:\/\/restingwell.de\/en\/wp-json\/wp\/v2\/pages\/126","targetHints":{"allow":["GET"]}}],"collection":[{"href":"https:\/\/restingwell.de\/en\/wp-json\/wp\/v2\/pages"}],"about":[{"href":"https:\/\/restingwell.de\/en\/wp-json\/wp\/v2\/types\/page"}],"author":[{"embeddable":true,"href":"https:\/\/restingwell.de\/en\/wp-json\/wp\/v2\/users\/1"}],"replies":[{"embeddable":true,"href":"https:\/\/restingwell.de\/en\/wp-json\/wp\/v2\/comments?post=126"}],"version-history":[{"count":2,"href":"https:\/\/restingwell.de\/en\/wp-json\/wp\/v2\/pages\/126\/revisions"}],"predecessor-version":[{"id":131,"href":"https:\/\/restingwell.de\/en\/wp-json\/wp\/v2\/pages\/126\/revisions\/131"}],"up":[{"embeddable":true,"href":"https:\/\/restingwell.de\/en\/wp-json\/wp\/v2\/pages\/52"}],"wp:attachment":[{"href":"https:\/\/restingwell.de\/en\/wp-json\/wp\/v2\/media?parent=126"}],"curies":[{"name":"wp","href":"https:\/\/api.w.org\/{rel}","templated":true}]}}