{"id":111,"date":"2026-01-27T21:10:47","date_gmt":"2026-01-27T21:10:47","guid":{"rendered":"https:\/\/restingwell.de\/?page_id=111"},"modified":"2026-01-30T14:18:42","modified_gmt":"2026-01-30T14:18:42","slug":"was-ist-floating","status":"publish","type":"page","link":"https:\/\/restingwell.de\/en\/der-spirit\/was-ist-floating\/","title":{"rendered":"Was ist ein Floatation Tank? | Vorteile von Sensory Deprivation &amp; Flotation-"},"content":{"rendered":"<div class=\"wp-block-group alignfull is-style-ext-preset--group--natural-1--section has-base-background-color has-background has-global-padding is-layout-constrained wp-container-core-group-is-layout-3e3c5440 wp-block-group-is-layout-constrained\" style=\"margin-top:0;margin-bottom:0;padding-top:min(7rem,10vw);padding-bottom:min(7rem,10vw)\">\n<div class=\"wp-block-group alignwide is-vertical is-layout-flex wp-container-core-group-is-layout-355c4241 wp-block-group-is-layout-flex\">\n<div class=\"wp-block-group has-global-padding is-layout-constrained wp-container-core-group-is-layout-5e05634a wp-block-group-is-layout-constrained\">\n<h1 class=\"wp-block-heading\">Tiefste Entspannung im Float Tank hilft Menschen<\/h1>\n\n\n\n<p>Was ist Floating? Sensory Deprivation &amp; Vorteile tiefer Entspannung<\/p>\n\n\n\n<h4 class=\"wp-block-heading\">Tiefe Entspannung, die Menschen hilft \u2013 und ein profitables Gesch\u00e4ft schafft.<\/h4>\n\n\n\n<p>Floating, auch bekannt als <strong>Flotation-REST<\/strong>, ist eine der effektivsten Methoden, um Menschen tief zu entspannen \u2013 sowohl k\u00f6rperlich als auch mental.<\/p>\n\n\n\n<div class=\"wp-block-buttons is-layout-flex wp-block-buttons-is-layout-flex\">\n<div class=\"wp-block-button\"><a class=\"wp-block-button__link wp-element-button\" href=\"https:\/\/restingwell.de\/en\/betreiber\/kunden-referenzen\/\"><strong>F\u00fcr wen ist Floating geeignet?<\/strong><\/a><\/div>\n<\/div>\n<\/div>\n<\/div>\n\n\n\n<div class=\"wp-block-columns alignwide is-layout-flex wp-container-core-columns-is-layout-174606dc wp-block-columns-is-layout-flex\">\n<div class=\"wp-block-column is-vertically-aligned-stretch is-layout-flow wp-container-core-column-is-layout-5dafc681 wp-block-column-is-layout-flow\">\n<div class=\"wp-block-cover is-light is-style-ext-preset--image--natural-1--image-1--content-right is-style-ext-preset--image--natural-1--image-1--content-right--2\" style=\"padding-top:0;padding-bottom:0;min-height:100%;aspect-ratio:unset;\"><img decoding=\"async\" class=\"wp-block-cover__image-background wp-image-672 size-large\" alt=\"Person floating effortlessly in a sensory deprivation tank \u2013 deep relaxation and weightlessness in warm Epsom salt water for flotation therapy\" src=\"https:\/\/restingwell.com\/wp-content\/uploads\/2025\/12\/freepik__create-more-photos-for-marketing-male-model-floati__68615-1024x701.png\" data-object-fit=\"cover\"\/><span aria-hidden=\"true\" class=\"wp-block-cover__background has-background-dim-0 has-background-dim\" style=\"background-color:#978c98\"><\/span><div class=\"wp-block-cover__inner-container is-layout-flow wp-block-cover-is-layout-flow\">\n<div style=\"height:240px\" aria-hidden=\"true\" class=\"wp-block-spacer\"><\/div>\n<\/div><\/div>\n<\/div>\n\n\n\n<div class=\"wp-block-column is-vertically-aligned-center is-layout-flow wp-block-column-is-layout-flow\">\n<div class=\"wp-block-group is-style-ext-preset--group--natural-1--item-card-1--align-start has-global-padding is-layout-constrained wp-block-group-is-layout-constrained is-style-ext-preset--group--natural-1--item-card-1--align-start--3\">\n<div class=\"wp-block-group is-style-default has-global-padding is-layout-constrained wp-block-group-is-layout-constrained\">\n<div class=\"wp-block-group is-nowrap is-layout-flex wp-container-core-group-is-layout-37e27054 wp-block-group-is-layout-flex\" style=\"padding-top:0;padding-right:0;padding-bottom:0;padding-left:0\">\n<div class=\"wp-block-group wp-container-content-958eb9dc has-global-padding is-layout-constrained wp-container-core-group-is-layout-c06d165c wp-block-group-is-layout-constrained\" style=\"padding-top:0;padding-right:0;padding-bottom:0;padding-left:0\">\n<h2 class=\"wp-block-heading\">Was passiert eigentlich beim Floating?<\/h2>\n\n\n\n<p>Beim Floating liegen Sie m\u00fchelos in warmem Wasser, das mit Epsom-Salz (Magnesiumsulfat) angereichert ist, in einem ruhigen, lichtkontrollierten Float Tank.<\/p>\n<\/div>\n<\/div>\n\n\n\n<div class=\"wp-block-group is-nowrap is-layout-flex wp-container-core-group-is-layout-37e27054 wp-block-group-is-layout-flex\" style=\"padding-top:0;padding-right:0;padding-bottom:0;padding-left:0\">\n<figure class=\"wp-block-image size-large ext-aspect-landscape wp-duotone-primary-foreground\"><img decoding=\"async\" src=\"data:image\/svg+xml;base64,PHN2ZyB4bWxucz0iaHR0cDovL3d3dy53My5vcmcvMjAwMC9zdmciIHdpZHRoPSI0OCIgaGVpZ2h0PSI0OCIgZmlsbD0iIzAwMDAwMCIgdmlld0JveD0iMCAwIDI1NiAyNTYiPjxwYXRoIGQ9Ik0xNzIsNzZhNDQsNDQsMCwxLDAtNDQsNDRBNDQuMDUsNDQuMDUsMCwwLDAsMTcyLDc2Wm0tNDQsMjhhMjgsMjgsMCwxLDEsMjgtMjhBMjgsMjgsMCwwLDEsMTI4LDEwNFptNjAsMjRhNDQsNDQsMCwxLDAsNDQsNDRBNDQuMDUsNDQuMDUsMCwwLDAsMTg4LDEyOFptMCw3MmEyOCwyOCwwLDEsMSwyOC0yOEEyOCwyOCwwLDAsMSwxODgsMjAwWk02OCwxMjhhNDQsNDQsMCwxLDAsNDQsNDRBNDQuMDUsNDQuMDUsMCwwLDAsNjgsMTI4Wm0wLDcyYTI4LDI4LDAsMSwxLDI4LTI4QTI4LDI4LDAsMCwxLDY4LDIwMFoiPjwvcGF0aD48L3N2Zz4=\" alt=\"\" style=\"object-fit:cover\"\/><\/figure>\n\n\n\n<div class=\"wp-block-group wp-container-content-958eb9dc has-global-padding is-layout-constrained wp-container-core-group-is-layout-c06d165c wp-block-group-is-layout-constrained\" style=\"padding-top:0;padding-right:0;padding-bottom:0;padding-left:0\">\n<h3 class=\"wp-block-heading\"><strong>EffortlessM\u00fchelose Auftriebskraftbuoyancy<\/strong><\/h3>\n\n\n\n<p>Das hochkonzentrierte Epsom-Salzwasser l\u00e4sst Ihren K\u00f6rper ganz nat\u00fcrlich schweben \u2013 ohne jegliche Anstrengung.<\/p>\n<\/div>\n<\/div>\n<\/div>\n<\/div>\n\n\n\n<div class=\"wp-block-group is-style-ext-preset--group--natural-1--item-card-1--align-start has-global-padding is-layout-constrained wp-block-group-is-layout-constrained is-style-ext-preset--group--natural-1--item-card-1--align-start--4\">\n<div class=\"wp-block-group is-style-default has-global-padding is-layout-constrained wp-block-group-is-layout-constrained\">\n<div class=\"wp-block-group is-nowrap is-layout-flex wp-container-core-group-is-layout-37e27054 wp-block-group-is-layout-flex\" style=\"padding-top:0;padding-right:0;padding-bottom:0;padding-left:0\">\n<figure class=\"wp-block-image size-large ext-aspect-landscape wp-duotone-primary-foreground\"><img decoding=\"async\" src=\"data:image\/svg+xml;base64,PHN2ZyB4bWxucz0iaHR0cDovL3d3dy53My5vcmcvMjAwMC9zdmciIHdpZHRoPSI0OCIgaGVpZ2h0PSI0OCIgZmlsbD0iIzAwMDAwMCIgdmlld0JveD0iMCAwIDI1NiAyNTYiPjxwYXRoIGQ9Ik04MCw0MGE0MCw0MCwwLDEsMCw0MCw0MEE0MCw0MCwwLDAsMCw4MCw0MFptMCw2NGEyNCwyNCwwLDEsMSwyNC0yNEEyNCwyNCwwLDAsMSw4MCwxMDRabTk2LDE2YTQwLDQwLDAsMSwwLTQwLTQwQTQwLDQwLDAsMCwwLDE3NiwxMjBabTAtNjRhMjQsMjQsMCwxLDEtMjQsMjRBMjQsMjQsMCwwLDEsMTc2LDU2Wk04MCwxMzZhNDAsNDAsMCwxLDAsNDAsNDBBNDAsNDAsMCwwLDAsODAsMTM2Wm0wLDY0YTI0LDI0LDAsMSwxLDI0LTI0QTI0LDI0LDAsMCwxLDgwLDIwMFptOTYtNjRhNDAsNDAsMCwxLDAsNDAsNDBBNDAsNDAsMCwwLDAsMTc2LDEzNlptMCw2NGEyNCwyNCwwLDEsMSwyNC0yNEEyNCwyNCwwLDAsMSwxNzYsMjAwWiI+PC9wYXRoPjwvc3ZnPg==\" alt=\"\" style=\"object-fit:cover\"\/><\/figure>\n\n\n\n<div class=\"wp-block-group wp-container-content-958eb9dc has-global-padding is-layout-constrained wp-container-core-group-is-layout-c06d165c wp-block-group-is-layout-constrained\" style=\"padding-top:0;padding-right:0;padding-bottom:0;padding-left:0\">\n<h3 class=\"wp-block-heading\"><strong>Perfekte thermische \u00dcbereinstimmung<\/strong><\/h3>\n\n\n\n<p>Wasser und Luft haben Hauttemperatur (~35 \u00b0C). Dadurch verschwindet jede Grenze zwischen K\u00f6rper und Umgebung. Der K\u00f6rper sp\u00fcrt nicht mehr, wo Luft und Wasser beginnen.<\/p>\n<\/div>\n<\/div>\n<\/div>\n<\/div>\n\n\n\n<div class=\"wp-block-group is-style-ext-preset--group--natural-1--item-card-1--align-start has-global-padding is-layout-constrained wp-block-group-is-layout-constrained is-style-ext-preset--group--natural-1--item-card-1--align-start--5\">\n<div class=\"wp-block-group is-style-default has-global-padding is-layout-constrained wp-block-group-is-layout-constrained\">\n<div class=\"wp-block-group is-nowrap is-layout-flex wp-container-core-group-is-layout-37e27054 wp-block-group-is-layout-flex\" style=\"padding-top:0;padding-right:0;padding-bottom:0;padding-left:0\">\n<figure class=\"wp-block-image size-large ext-aspect-landscape wp-duotone-primary-foreground\"><img decoding=\"async\" src=\"data:image\/svg+xml;base64,PHN2ZyB4bWxucz0iaHR0cDovL3d3dy53My5vcmcvMjAwMC9zdmciIHdpZHRoPSI0OCIgaGVpZ2h0PSI0OCIgZmlsbD0iIzAwMDAwMCIgdmlld0JveD0iMCAwIDI1NiAyNTYiPjxwYXRoIGQ9Ik04MCw0MGE0MCw0MCwwLDEsMCw0MCw0MEE0MCw0MCwwLDAsMCw4MCw0MFptMCw2NGEyNCwyNCwwLDEsMSwyNC0yNEEyNCwyNCwwLDAsMSw4MCwxMDRabTk2LDE2YTQwLDQwLDAsMSwwLTQwLTQwQTQwLDQwLDAsMCwwLDE3NiwxMjBabTAtNjRhMjQsMjQsMCwxLDEtMjQsMjRBMjQsMjQsMCwwLDEsMTc2LDU2Wk04MCwxMzZhNDAsNDAsMCwxLDAsNDAsNDBBNDAsNDAsMCwwLDAsODAsMTM2Wm0wLDY0YTI0LDI0LDAsMSwxLDI0LTI0QTI0LDI0LDAsMCwxLDgwLDIwMFptMTM2LTI0YTgsOCwwLDAsMS04LDhIMTg0djI0YTgsOCwwLDAsMS0xNiwwVjE4NEgxNDRhOCw4LDAsMCwxLDAtMTZoMjRWMTQ0YTgsOCwwLDAsMSwxNiwwdjI0aDI0QTgsOCwwLDAsMSwyMTYsMTc2WiI+PC9wYXRoPjwvc3ZnPg==\" alt=\"\" style=\"object-fit:cover\"\/><\/figure>\n\n\n\n<div class=\"wp-block-group wp-container-content-958eb9dc has-global-padding is-layout-constrained wp-container-core-group-is-layout-c06d165c wp-block-group-is-layout-constrained\" style=\"padding-top:0;padding-right:0;padding-bottom:0;padding-left:0\">\n<h3 class=\"wp-block-heading\"><strong>Totale sensorische Reduktion<\/strong><\/h3>\n\n\n\n<p>Minimales Licht und kaum Ger\u00e4usche erm\u00f6glichen es dem Gehirn, tief zur Ruhe zu kommen \u2013 das f\u00fchrt zu tiefer, profunder Entspannung.<\/p>\n<\/div>\n<\/div>\n<\/div>\n<\/div>\n\n\n\n<div class=\"wp-block-buttons is-content-justification-center is-layout-flex wp-container-core-buttons-is-layout-a89b3969 wp-block-buttons-is-layout-flex\">\n<div class=\"wp-block-button has-custom-width wp-block-button__width-100 is-style-ext-preset--button--natural-1--button-1 is-style-ext-preset--button--natural-1--button-1--6\"><a class=\"wp-block-button__link wp-element-button\" href=\"https:\/\/restingwell.de\/en\/wissenschaft\/studien\/\">Mehr zur Wissenschaft erfahren<\/a><\/div>\n<\/div>\n<\/div>\n<\/div>\n<\/div>\n\n\n\n<div class=\"wp-block-group alignfull is-style-ext-preset--group--natural-1--section has-accent-5-background-color has-background has-global-padding is-layout-constrained wp-container-core-group-is-layout-3e3c5440 wp-block-group-is-layout-constrained\" style=\"margin-top:0;margin-bottom:0;padding-top:min(7rem,10vw);padding-bottom:min(7rem,10vw)\">\n<div class=\"wp-block-group alignwide is-vertical is-content-justification-center is-layout-flex wp-container-core-group-is-layout-335b1c95 wp-block-group-is-layout-flex\">\n<div class=\"wp-block-group has-global-padding is-layout-constrained wp-container-core-group-is-layout-5e05634a wp-block-group-is-layout-constrained\">\n<h2 class=\"wp-block-heading has-text-align-center\">Erleben Sie Flotation-Therapie<\/h2>\n\n\n\n<p class=\"has-text-align-center\">Die Floating-Reise: Ein einfacher 3-Schritte-Prozess f\u00fcr maximale Entspannung und mentale Klarheit.<\/p>\n<\/div>\n<\/div>\n\n\n\n<div class=\"wp-block-columns alignwide is-layout-flex wp-container-core-columns-is-layout-47c06fe3 wp-block-columns-is-layout-flex\">\n<div class=\"wp-block-column is-vertically-aligned-stretch is-layout-flow wp-container-core-column-is-layout-119bc444 wp-block-column-is-layout-flow\">\n<div class=\"wp-block-group is-style-ext-preset--group--natural-1--item-card-1--align-center has-global-padding is-layout-constrained wp-block-group-is-layout-constrained is-style-ext-preset--group--natural-1--item-card-1--align-center--8\">\n<div class=\"wp-block-group is-style-default has-global-padding is-layout-constrained wp-block-group-is-layout-constrained\">\n<figure class=\"wp-block-image aligncenter size-large ext-aspect-landscape wp-duotone-primary-foreground\"><img decoding=\"async\" src=\"data:image\/svg+xml;base64,PHN2ZyB4bWxucz0iaHR0cDovL3d3dy53My5vcmcvMjAwMC9zdmciIHdpZHRoPSI0OCIgaGVpZ2h0PSI0OCIgZmlsbD0iIzAwMDAwMCIgdmlld0JveD0iMCAwIDI1NiAyNTYiPjxwYXRoIGQ9Ik0xMjgsMjRBMTA0LDEwNCwwLDEsMCwyMzIsMTI4LDEwNC4xMSwxMDQuMTEsMCwwLDAsMTI4LDI0Wm0wLDE5MmE4OCw4OCwwLDEsMSw4OC04OEE4OC4xLDg4LjEsMCwwLDEsMTI4LDIxNlpNMTQwLDgwdjk2YTgsOCwwLDAsMS0xNiwwVjk1bC0xMS41Niw3LjcxYTgsOCwwLDEsMS04Ljg4LTEzLjMybDI0LTE2QTgsOCwwLDAsMSwxNDAsODBaIj48L3BhdGg+PC9zdmc+\" alt=\"\" style=\"object-fit:cover\"\/><\/figure>\n\n\n\n<h3 class=\"wp-block-heading has-text-align-center\">Schritt 1: Vorbereitung &amp; Einstieg<\/h3>\n\n\n\n<p class=\"has-text-align-center\">Beginnen Sie mit einer erfrischenden Dusche, um Lotionen, \u00d6le oder Verunreinigungen abzuwaschen \u2013 so bleibt das Salzwasser f\u00fcr alle kristallklar. Danach steigen Sie bequem durch den breiten Seiteneingang des Spirit Float Tanks ein (kein Klettern n\u00f6tig). Legen Sie sich sanft zur\u00fcck in die wohltuende, hautwarme Epsom-Salzl\u00f6sung. Sofort wird Ihr K\u00f6rper schwerelos, Verspannungen l\u00f6sen sich, und die erste Welle der Ruhe setzt ein, sobald die Schwerkraft verschwindet.<\/p>\n\n\n\n<p class=\"has-text-align-center\"><\/p>\n<\/div>\n<\/div>\n<\/div>\n\n\n\n<div class=\"wp-block-column is-vertically-aligned-stretch is-layout-flow wp-container-core-column-is-layout-119bc444 wp-block-column-is-layout-flow\">\n<div class=\"wp-block-group is-style-ext-preset--group--natural-1--item-card-1--align-center has-global-padding is-layout-constrained wp-block-group-is-layout-constrained is-style-ext-preset--group--natural-1--item-card-1--align-center--9\">\n<div class=\"wp-block-group is-style-default has-global-padding is-layout-constrained wp-block-group-is-layout-constrained\">\n<figure class=\"wp-block-image aligncenter size-large ext-aspect-landscape wp-duotone-primary-foreground\"><img decoding=\"async\" src=\"data:image\/svg+xml;base64,PHN2ZyB4bWxucz0iaHR0cDovL3d3dy53My5vcmcvMjAwMC9zdmciIHdpZHRoPSI0OCIgaGVpZ2h0PSI0OCIgZmlsbD0iIzAwMDAwMCIgdmlld0JveD0iMCAwIDI1NiAyNTYiPjxwYXRoIGQ9Ik0xMjgsMjRBMTA0LDEwNCwwLDEsMCwyMzIsMTI4LDEwNC4xMSwxMDQuMTEsMCwwLDAsMTI4LDI0Wm0wLDE5MmE4OCw4OCwwLDEsMSw4OC04OEE4OC4xLDg4LjEsMCwwLDEsMTI4LDIxNlptMjUuNTYtOTIuNzRMMTIwLDE2OGgzMmE4LDgsMCwwLDEsMCwxNkgxMDRhOCw4LDAsMCwxLTYuNC0xMi44bDQzLjE3LTU3LjU2YTE2LDE2LDAsMSwwLTI3Ljg2LTE1LDgsOCwwLDAsMS0xNS4wOS01LjM0LDMyLDMyLDAsMSwxLDU1Ljc0LDI5LjkzWiI+PC9wYXRoPjwvc3ZnPg==\" alt=\"\" style=\"object-fit:cover\"\/><\/figure>\n\n\n\n<h3 class=\"wp-block-heading has-text-align-center\">Schritt 2: Tiefe Entspannung &amp; Schweben<\/h3>\n\n\n\n<p class=\"has-text-align-center\">Schlie\u00dfen Sie den Deckel (oder lassen Sie ihn offen, wenn Sie m\u00f6chten \u2013 die Wahl liegt bei Ihnen). Die kontrollierte Umgebung des Tanks reduziert Licht und Ger\u00e4usche fast auf Null, w\u00e4hrend Wasser und Luft perfekt Ihrer Hauttemperatur (~35 \u00b0C) entsprechen und die Grenze zwischen K\u00f6rper und Umgebung aufl\u00f6sen. Hier kann sich Geist und K\u00f6rper vollst\u00e4ndig entspannen: Muskeln l\u00f6sen sich tief, Stresshormone sinken, und viele Menschen gelangen in einen meditativen Zustand tiefer Ruhe, Kreativit\u00e4t oder sogar Zeitlosigkeit. Einfach schweben \u2013 ohne Anstrengung.<\/p>\n\n\n\n<p class=\"has-text-align-center\"><\/p>\n<\/div>\n<\/div>\n<\/div>\n\n\n\n<div class=\"wp-block-column is-vertically-aligned-stretch is-layout-flow wp-container-core-column-is-layout-119bc444 wp-block-column-is-layout-flow\">\n<div class=\"wp-block-group is-style-ext-preset--group--natural-1--item-card-1--align-center has-global-padding is-layout-constrained wp-block-group-is-layout-constrained is-style-ext-preset--group--natural-1--item-card-1--align-center--10\">\n<div class=\"wp-block-group is-style-default has-global-padding is-layout-constrained wp-block-group-is-layout-constrained\">\n<figure class=\"wp-block-image aligncenter size-large ext-aspect-landscape wp-duotone-primary-foreground\"><img decoding=\"async\" src=\"data:image\/svg+xml;base64,PHN2ZyB4bWxucz0iaHR0cDovL3d3dy53My5vcmcvMjAwMC9zdmciIHdpZHRoPSI0OCIgaGVpZ2h0PSI0OCIgZmlsbD0iIzAwMDAwMCIgdmlld0JveD0iMCAwIDI1NiAyNTYiPjxwYXRoIGQ9Ik0xMjgsMjRBMTA0LDEwNCwwLDEsMCwyMzIsMTI4LDEwNC4xMSwxMDQuMTEsMCwwLDAsMTI4LDI0Wm0wLDE5MmE4OCw4OCwwLDEsMSw4OC04OEE4OC4xLDg4LjEsMCwwLDEsMTI4LDIxNlptMzItNjRhMzYsMzYsMCwwLDEtNjEuNzEsMjUuMTlBOCw4LDAsMSwxLDEwOS43MSwxNjYsMjAsMjAsMCwxLDAsMTI0LDEzMmE4LDgsMCwwLDEtNi41NS0xMi41OUwxMzYuNjMsOTJIMTA0YTgsOCwwLDAsMSwwLTE2aDQ4YTgsOCwwLDAsMSw2LjU1LDEyLjU5bC0yMSwzMEEzNi4wNywzNi4wNywwLDAsMSwxNjAsMTUyWiI+PC9wYXRoPjwvc3ZnPg==\" alt=\"\" style=\"object-fit:cover\"\/><\/figure>\n\n\n\n<h3 class=\"wp-block-heading has-text-align-center\">Schritt 3: Wiederauftauchen &amp; Erneuerung<\/h3>\n\n\n\n<p class=\"has-text-align-center\">Ein sanftes Audiosignal (leise Glocken oder Musik) zeigt das Ende der Session an. \u00d6ffnen Sie den Deckel, steigen Sie langsam heraus und nehmen Sie eine abschlie\u00dfende Dusche, um das Salz abzusp\u00fclen. Die meisten Menschen f\u00fchlen sich erfrischt, geistig klar und voller Energie \u2013 oft mit besserer Stimmung, weniger Angst und verbesserter Schlafqualit\u00e4t, die Tage anh\u00e4lt. Tragen Sie diese tiefe Entspannung in Ihren Alltag.<\/p>\n\n\n\n<p class=\"has-text-align-center\"><\/p>\n<\/div>\n<\/div>\n<\/div>\n<\/div>\n<\/div>\n\n\n\n<div class=\"wp-block-group alignfull is-style-ext-preset--group--natural-1--section has-base-background-color has-background has-global-padding is-layout-constrained wp-container-core-group-is-layout-3e3c5440 wp-block-group-is-layout-constrained\" style=\"margin-top:0;margin-bottom:0;padding-top:min(7rem,10vw);padding-bottom:min(7rem,10vw)\">\n<div class=\"wp-block-group alignwide is-vertical is-content-justification-center is-layout-flex wp-container-core-group-is-layout-335b1c95 wp-block-group-is-layout-flex\">\n<div class=\"wp-block-group has-global-padding is-layout-constrained wp-container-core-group-is-layout-2287c683 wp-block-group-is-layout-constrained\">\n<h2 class=\"wp-block-heading has-text-align-center\">Was ist ein Floating Tank?<\/h2>\n\n\n\n<p class=\"has-text-align-center\"><strong>Was ist ein Floating Tank? (auch Float Pod oder Isolation Tank genannt)<\/strong><\/p>\n\n\n\n<p>Das Floating findet in dem statt, was \u00fcblicherweise als <strong>Floating Tank<\/strong> bezeichnet wird. Es gibt jedoch mehrere Begriffe f\u00fcr dasselbe Konzept.<\/p>\n\n\n\n<p>Je nach Land, Branche oder Kontext h\u00f6ren Sie Bezeichnungen wie:<\/p>\n\n\n\n<ul class=\"wp-block-list\">\n<li><strong>Floating tank<\/strong><\/li>\n\n\n\n<li><strong>Float tank<\/strong><\/li>\n\n\n\n<li><strong>Float pod<\/strong><\/li>\n\n\n\n<li><strong>Isolation tank<\/strong><\/li>\n\n\n\n<li><strong>Sensory deprivation tank<\/strong><\/li>\n\n\n\n<li><strong>Flotation tank<\/strong><\/li>\n\n\n\n<li><strong>Flotation REST tank<\/strong><\/li>\n\n\n\n<li><strong>Floatation tank<\/strong><\/li>\n\n\n\n<li><strong>Entspannungs-Tank<\/strong><\/li>\n\n\n\n<li><strong>Floating-Becken<\/strong><\/li>\n\n\n\n<li><strong>Caisson d&#8217;isolation sensorielle<\/strong>&nbsp;<\/li>\n\n\n\n<li><strong>Caisson de privation sensorielle<\/strong><\/li>\n\n\n\n<li><strong>Tanque de isolamento<\/strong><\/li>\n\n\n\n<li><strong>Vasca di deprivazione sensoriale<\/strong><\/li>\n<\/ul>\n\n\n\n<p>Alle diese Begriffe beschreiben dasselbe Kernerlebnis: m\u00fcheloses Schweben in warmem, magnesiumreichem Wasser in einer ruhigen, lichtkontrollierten Umgebung.<\/p>\n\n\n\n<p><strong>Wichtiger Hinweis:<\/strong> Ein <strong>Float Room<\/strong> ist eine andere Konstruktion. Er kann entspannend wirken, aber die sensorische Isolation und Kontrolle sind oft nicht so umfassend wie in einem speziell gebauten Float Tank.<\/p>\n\n\n\n<p>Bei Restingwell nennen wir es den <strong>Spirit Float Tank<\/strong> \u2013 ein Premium-Sensory-Deprivation-Tank, skandinavisch entwickelt.<\/p>\n<\/div>\n<\/div>\n\n\n\n<div class=\"wp-block-columns alignwide is-layout-flex wp-container-core-columns-is-layout-47c06fe3 wp-block-columns-is-layout-flex\">\n<div class=\"wp-block-column is-layout-flow wp-block-column-is-layout-flow\">\n<div class=\"wp-block-group is-style-ext-preset--group--natural-1--item-card-1--align-center has-global-padding is-layout-constrained wp-block-group-is-layout-constrained is-style-ext-preset--group--natural-1--item-card-1--align-center--12\">\n<figure class=\"wp-block-image size-full\"><img decoding=\"async\" src=\"https:\/\/restingwell.com\/wp-content\/uploads\/2025\/12\/cph.jpg\" alt=\"Profound relaxation inside a flotation tank \u2013 reduced light and sound with skin-temperature water create total sensory deprivation and mental clarity\" class=\"wp-image-715\" style=\"aspect-ratio:4\/3;object-fit:cover\"\/><\/figure>\n\n\n\n<div class=\"wp-block-group is-style-default has-global-padding is-layout-constrained wp-block-group-is-layout-constrained\">\n<h3 class=\"wp-block-heading has-text-align-center\">Stressabbau und Entspannung<\/h3>\n\n\n\n<p class=\"has-text-align-center\">Schweben Sie m\u00fchelos, um Ihren Geist zu beruhigen und Ihren K\u00f6rper zu entspannen \u2013 t\u00e4gliche Spannungen und \u00c4ngste l\u00f6sen sich auf.<\/p>\n<\/div>\n<\/div>\n<\/div>\n\n\n\n<div class=\"wp-block-column is-layout-flow wp-block-column-is-layout-flow\">\n<div class=\"wp-block-group is-style-ext-preset--group--natural-1--item-card-1--align-center has-global-padding is-layout-constrained wp-block-group-is-layout-constrained is-style-ext-preset--group--natural-1--item-card-1--align-center--13\">\n<figure class=\"wp-block-image size-full\"><img decoding=\"async\" src=\"https:\/\/restingwell.com\/wp-content\/uploads\/2025\/12\/AA3ECEB1-805A-4031-9CFC-B23CB3EA2EAB-5840673.webp\" alt=\"Easy side entry into the Spirit float tank \u2013 shower first, then step into soothing saltwater for a comfortable, non-claustrophobic flotation experience\" class=\"wp-image-417\" style=\"aspect-ratio:4\/3;object-fit:cover\"\/><\/figure>\n\n\n\n<div class=\"wp-block-group is-style-default has-global-padding is-layout-constrained wp-block-group-is-layout-constrained\">\n<h3 class=\"wp-block-heading has-text-align-center\">Verbesserte Schlafqualit\u00e4t<\/h3>\n\n\n\n<p class=\"has-text-align-center\">Erreichen Sie tieferen, erholsameren Schlaf, indem Sie Ihr Nervensystem durch sanfte sensorische Deprivation ausbalancieren.<\/p>\n<\/div>\n<\/div>\n<\/div>\n<\/div>\n<\/div>\n\n\n\n<p><\/p>","protected":false},"excerpt":{"rendered":"<p>Tiefste Entspannung im Float Tank hilft Menschen Was ist Floating? Sensory Deprivation &amp; Vorteile tiefer Entspannung Tiefe Entspannung, die Menschen hilft \u2013 und ein profitables Gesch\u00e4ft schafft. Floating, auch bekannt als Flotation-REST, ist eine der effektivsten Methoden, um Menschen tief zu entspannen \u2013 sowohl k\u00f6rperlich als auch mental. Was passiert eigentlich beim Floating? Beim Floating [&hellip;]<\/p>","protected":false},"author":1,"featured_media":0,"parent":107,"menu_order":0,"comment_status":"closed","ping_status":"closed","template":"page-with-title","meta":{"_monsterinsights_skip_tracking":false,"_monsterinsights_sitenote_active":false,"_monsterinsights_sitenote_note":"","_monsterinsights_sitenote_category":0,"iawp_total_views":8,"footnotes":""},"class_list":["post-111","page","type-page","status-publish","hentry"],"aioseo_notices":[],"_links":{"self":[{"href":"https:\/\/restingwell.de\/en\/wp-json\/wp\/v2\/pages\/111","targetHints":{"allow":["GET"]}}],"collection":[{"href":"https:\/\/restingwell.de\/en\/wp-json\/wp\/v2\/pages"}],"about":[{"href":"https:\/\/restingwell.de\/en\/wp-json\/wp\/v2\/types\/page"}],"author":[{"embeddable":true,"href":"https:\/\/restingwell.de\/en\/wp-json\/wp\/v2\/users\/1"}],"replies":[{"embeddable":true,"href":"https:\/\/restingwell.de\/en\/wp-json\/wp\/v2\/comments?post=111"}],"version-history":[{"count":3,"href":"https:\/\/restingwell.de\/en\/wp-json\/wp\/v2\/pages\/111\/revisions"}],"predecessor-version":[{"id":206,"href":"https:\/\/restingwell.de\/en\/wp-json\/wp\/v2\/pages\/111\/revisions\/206"}],"up":[{"embeddable":true,"href":"https:\/\/restingwell.de\/en\/wp-json\/wp\/v2\/pages\/107"}],"wp:attachment":[{"href":"https:\/\/restingwell.de\/en\/wp-json\/wp\/v2\/media?parent=111"}],"curies":[{"name":"wp","href":"https:\/\/api.w.org\/{rel}","templated":true}]}}