{"id":107,"date":"2026-01-29T20:48:47","date_gmt":"2026-01-29T20:48:47","guid":{"rendered":"https:\/\/restingwell.de\/?page_id=107"},"modified":"2026-01-29T21:15:25","modified_gmt":"2026-01-29T21:15:25","slug":"der-spirit","status":"publish","type":"page","link":"https:\/\/restingwell.de\/en\/der-spirit\/","title":{"rendered":"\u00dcber den Spirit Float Tank: Skandinavisch entwickelt \u2013 f\u00fcr professionellen Einsatz."},"content":{"rendered":"<div class=\"wp-block-columns alignwide are-vertically-aligned-center is-layout-flex wp-container-core-columns-is-layout-47c06fe3 wp-block-columns-is-layout-flex\">\n<div class=\"wp-block-column is-vertically-aligned-center is-layout-flow wp-block-column-is-layout-flow\" style=\"flex-basis:60%\">\n<h2 class=\"wp-block-heading\">Gebaut f\u00fcr Betreiber, entwickelt f\u00fcr Zuverl\u00e4ssigkeit<\/h2>\n\n\n\n<p>Der Spirit Float Tank ist ein professionelles Floatationssystem, das f\u00fcr den realen Einsatz konzipiert wurde.<\/p>\n\n\n\n<p>Bei Restingwell verbinden wir <strong>skandinavisches Engineering<\/strong> mit <strong>jahrzehntelanger Praxiserfahrung aus unserem eigenen Float Center<\/strong>, um Float Tanks zu schaffen, die ruhig, zuverl\u00e4ssig und einfach zu besitzen sind.<\/p>\n\n\n\n<p>Gebaut seit 2004. Betrieben in unserem eigenen professionellen Float Center seit 2011.<\/p>\n\n\n\n<div class=\"wp-block-buttons is-layout-flex wp-block-buttons-is-layout-flex\">\n<div class=\"wp-block-button\"><a class=\"wp-block-button__link wp-element-button\" href=\"https:\/\/restingwell.de\/en\/erfahrung\/\">Erleben Sie unsere echte Erfahrung<\/a><\/div>\n<\/div>\n\n\n\n<h1 class=\"wp-block-heading\">Warum der Spirit Sensory Deprivation Tank entwickelt wurde<\/h1>\n\n\n\n<p>Wir haben nicht einfach nur einen weiteren Float Tank gebaut.<\/p>\n\n\n\n<p>Wir haben echte Herausforderungen beim Betrieb von Float Tanks gel\u00f6st:<\/p>\n\n\n\n<ul class=\"wp-block-list\">\n<li>Komplexe Installationen<\/li>\n\n\n\n<li>Empfindliche Elektronik<\/li>\n\n\n\n<li>Schwierige Reinigungsroutinen<\/li>\n\n\n\n<li>Unvorhersehbare Langzeit-Performance<\/li>\n<\/ul>\n\n\n\n<p>Der Spirit wurde entwickelt, um genau diese Probleme zu beseitigen \u2013 und durch Einfachheit, Stabilit\u00e4t und Ruhe zu ersetzen.<\/p>\n\n\n\n<p><strong>Floaten sollte einfach sein \u2013 f\u00fcr Betreiber und G\u00e4ste gleicherma\u00dfen.<\/strong><\/p>\n\n\n\n<div class=\"wp-block-buttons is-layout-flex wp-block-buttons-is-layout-flex\">\n<div class=\"wp-block-button\"><a class=\"wp-block-button__link wp-element-button\" href=\"https:\/\/restingwell.de\/en\/spirit-schwebetank-design\/\">Spirit Isolation tank-design<\/a><\/div>\n<\/div>\n<\/div>\n\n\n\n<div class=\"wp-block-column is-vertically-aligned-center is-layout-flow wp-container-core-column-is-layout-f5bb311e wp-block-column-is-layout-flow\" style=\"flex-basis:50%\">\n<figure class=\"wp-block-gallery has-nested-images columns-default is-cropped wp-block-gallery-1 is-layout-flex wp-block-gallery-is-layout-flex\">\n<figure class=\"wp-block-image size-large\"><img decoding=\"async\" data-id=\"229\" src=\"https:\/\/restingwell.com\/wp-content\/uploads\/2025\/11\/Float-tank-sitting-747x1024.png\" alt=\"Modern Restingwell Spirit isolation tank featuring wide intuitive side entrance \u2013 easy access, reduced claustrophobia, and comfortable entry for floatation therapy users\" class=\"wp-image-229\" style=\"object-fit:cover\"\/><\/figure>\n<\/figure>\n<\/div>\n<\/div>\n\n\n\n<div class=\"wp-block-group alignfull has-base-background-color has-background has-global-padding is-layout-constrained wp-container-core-group-is-layout-7276a2bb wp-block-group-is-layout-constrained\" style=\"margin-top:0;margin-bottom:0;padding-top:var(--wp--preset--spacing--60);padding-right:var(--wp--preset--spacing--30);padding-bottom:var(--wp--preset--spacing--60);padding-left:var(--wp--preset--spacing--30)\">\n<div class=\"wp-block-group alignfull has-background has-global-padding is-layout-constrained wp-container-core-group-is-layout-7276a2bb wp-block-group-is-layout-constrained\" style=\"background-color:#ffffff;margin-top:0;margin-bottom:0;padding-top:var(--wp--preset--spacing--60);padding-right:var(--wp--preset--spacing--30);padding-bottom:var(--wp--preset--spacing--60);padding-left:var(--wp--preset--spacing--30)\">\n<div class=\"wp-block-columns alignwide is-layout-flex wp-container-core-columns-is-layout-1da03c2a wp-block-columns-is-layout-flex\">\n<div class=\"wp-block-column is-layout-flow wp-block-column-is-layout-flow\">\n<figure class=\"wp-block-image size-large has-custom-border\"><img decoding=\"async\" src=\"https:\/\/restingwell.com\/wp-content\/uploads\/2025\/11\/Floating-tank-Oslo-1024x1024.png\" alt=\"Wide open side door on Restingwell Spirit sensory deprivation tank \u2013 ergonomic, non-claustrophobic design that feels safe and natural, perfect for beginners and long-term float users\" class=\"wp-image-262\" style=\"border-top-left-radius:0rem;border-top-right-radius:0rem;border-bottom-left-radius:20rem;border-bottom-right-radius:20rem;aspect-ratio:1;object-fit:cover\"\/><\/figure>\n<\/div>\n\n\n\n<div class=\"wp-block-column is-layout-flow wp-block-column-is-layout-flow\">\n<div class=\"wp-block-group has-global-padding is-layout-constrained wp-block-group-is-layout-constrained\" style=\"border-bottom-color:var(--wp--preset--color--tertiary);border-bottom-width:1px;margin-top:0;padding-top:var(--wp--preset--spacing--30);padding-bottom:var(--wp--preset--spacing--30)\">\n<h2 class=\"wp-block-heading\">Kompaktes All-in-One-Design \u2013 bewusst gew\u00e4hlt, nicht aus Bequemlichkeit<\/h2>\n\n\n\n<p>Der Spirit Float Tank ist bewusst als echtes All-in-One-System konzipiert.<\/p>\n\n\n\n<p>Diese Designphilosophie basiert auf jahrzehntelangem realeinsatz und einer zentralen \u00dcberzeugung: Weniger externe Verbindungen = weniger Probleme auf Dauer.<\/p>\n\n\n\n<p>Im Gegensatz zu vielen Float Tanks, Pods oder sogenannten Float Rooms ist der <strong>Spirit ein echtes All-in-One-System<\/strong>.<\/p>\n\n\n\n<p>Alle wichtigen Komponenten sind im Ger\u00e4t integriert:<\/p>\n\n\n\n<ul class=\"wp-block-list\">\n<li>Umw\u00e4lzpumpe mit Vorfilter<\/li>\n\n\n\n<li>Mechanische Filtration <\/li>\n\n\n\n<li>UV-C-Wasserdesinfektion <\/li>\n\n\n\n<li>Integriertes Heizsystem<\/li>\n<\/ul>\n<\/div>\n<\/div>\n<\/div>\n<\/div>\n\n\n\n<div class=\"wp-block-group alignfull has-background-background-color has-background has-global-padding is-layout-constrained wp-container-core-group-is-layout-33e8f939 wp-block-group-is-layout-constrained\" id=\"resources\" style=\"margin-top:0;margin-bottom:0;padding-top:0;padding-right:var(--wp--preset--spacing--30);padding-bottom:0;padding-left:var(--wp--preset--spacing--30)\">\n<div class=\"wp-block-group alignfull has-global-padding is-layout-constrained wp-block-group-is-layout-constrained\" style=\"margin-top:0;margin-bottom:0\">\n<div class=\"wp-block-group alignfull has-tertiary-background-color has-background has-global-padding is-layout-constrained wp-container-core-group-is-layout-7276a2bb wp-block-group-is-layout-constrained\" style=\"margin-top:0;margin-bottom:0;padding-top:var(--wp--preset--spacing--60);padding-right:var(--wp--preset--spacing--30);padding-bottom:var(--wp--preset--spacing--60);padding-left:var(--wp--preset--spacing--30)\">\n<div class=\"wp-block-columns alignwide is-layout-flex wp-container-core-columns-is-layout-47c06fe3 wp-block-columns-is-layout-flex\">\n<div class=\"wp-block-column is-vertically-aligned-top is-layout-flow wp-container-core-column-is-layout-22223934 wp-block-column-is-layout-flow\" style=\"flex-basis:50%\">\n<div class=\"wp-block-columns is-layout-flex wp-container-core-columns-is-layout-ea69a204 wp-block-columns-is-layout-flex\">\n<div class=\"wp-block-column is-layout-flow wp-container-core-column-is-layout-22223934 wp-block-column-is-layout-flow\" style=\"flex-basis:22.6%\">\n<figure data-wp-context=\"{&quot;imageId&quot;:&quot;69e37e9f47ff4&quot;}\" data-wp-interactive=\"core\/image\" data-wp-key=\"69e37e9f47ff4\" class=\"wp-block-image size-large has-custom-border wp-lightbox-container\"><img decoding=\"async\" data-wp-class--hide=\"state.isContentHidden\" data-wp-class--show=\"state.isContentVisible\" data-wp-init=\"callbacks.setButtonStyles\" data-wp-on--click=\"actions.showLightbox\" data-wp-on--load=\"callbacks.setButtonStyles\" data-wp-on-window--resize=\"callbacks.setButtonStyles\" src=\"https:\/\/restingwell.com\/wp-content\/uploads\/2025\/11\/freepik__assistant__19145-1024x683.png\" alt=\"Integrated UV-C sterilization, filtration, and heating system in Restingwell Spirit float tank \u2013 hygienic, low-maintenance all-in-one solution for professional float centers\" class=\"wp-image-89\" style=\"border-radius:1rem;aspect-ratio:1;object-fit:cover\"\/><button\n\t\t\tclass=\"lightbox-trigger\"\n\t\t\ttype=\"button\"\n\t\t\taria-haspopup=\"dialog\"\n\t\t\taria-label=\"Enlarge\"\n\t\t\tdata-wp-init=\"callbacks.initTriggerButton\"\n\t\t\tdata-wp-on--click=\"actions.showLightbox\"\n\t\t\tdata-wp-style--right=\"state.imageButtonRight\"\n\t\t\tdata-wp-style--top=\"state.imageButtonTop\"\n\t\t>\n\t\t\t<svg xmlns=\"http:\/\/www.w3.org\/2000\/svg\" width=\"12\" height=\"12\" fill=\"none\" viewbox=\"0 0 12 12\">\n\t\t\t\t<path fill=\"#fff\" d=\"M2 0a2 2 0 0 0-2 2v2h1.5V2a.5.5 0 0 1 .5-.5h2V0H2Zm2 10.5H2a.5.5 0 0 1-.5-.5V8H0v2a2 2 0 0 0 2 2h2v-1.5ZM8 12v-1.5h2a.5.5 0 0 0 .5-.5V8H12v2a2 2 0 0 1-2 2H8Zm2-12a2 2 0 0 1 2 2v2h-1.5V2a.5.5 0 0 0-.5-.5H8V0h2Z\" \/>\n\t\t\t<\/svg>\n\t\t<\/button><\/figure>\n\n\n\n<figure data-wp-context=\"{&quot;imageId&quot;:&quot;69e37e9f4843d&quot;}\" data-wp-interactive=\"core\/image\" data-wp-key=\"69e37e9f4843d\" class=\"wp-block-image size-large has-custom-border wp-lightbox-container\"><img decoding=\"async\" data-wp-class--hide=\"state.isContentHidden\" data-wp-class--show=\"state.isContentVisible\" data-wp-init=\"callbacks.setButtonStyles\" data-wp-on--click=\"actions.showLightbox\" data-wp-on--load=\"callbacks.setButtonStyles\" data-wp-on-window--resize=\"callbacks.setButtonStyles\" src=\"https:\/\/restingwell.com\/wp-content\/uploads\/2025\/11\/freepik__assistant__64407-1024x585.png\" alt=\"Calm Epsom salt water surface inside Restingwell Spirit float tank \u2013 35 cm deep solution enables effortless zero-gravity floating and profound physical &amp; mental relaxation\" class=\"wp-image-90\" style=\"border-radius:1rem;aspect-ratio:1;object-fit:cover\"\/><button\n\t\t\tclass=\"lightbox-trigger\"\n\t\t\ttype=\"button\"\n\t\t\taria-haspopup=\"dialog\"\n\t\t\taria-label=\"Enlarge\"\n\t\t\tdata-wp-init=\"callbacks.initTriggerButton\"\n\t\t\tdata-wp-on--click=\"actions.showLightbox\"\n\t\t\tdata-wp-style--right=\"state.imageButtonRight\"\n\t\t\tdata-wp-style--top=\"state.imageButtonTop\"\n\t\t>\n\t\t\t<svg xmlns=\"http:\/\/www.w3.org\/2000\/svg\" width=\"12\" height=\"12\" fill=\"none\" viewbox=\"0 0 12 12\">\n\t\t\t\t<path fill=\"#fff\" d=\"M2 0a2 2 0 0 0-2 2v2h1.5V2a.5.5 0 0 1 .5-.5h2V0H2Zm2 10.5H2a.5.5 0 0 1-.5-.5V8H0v2a2 2 0 0 0 2 2h2v-1.5ZM8 12v-1.5h2a.5.5 0 0 0 .5-.5V8H12v2a2 2 0 0 1-2 2H8Zm2-12a2 2 0 0 1 2 2v2h-1.5V2a.5.5 0 0 0-.5-.5H8V0h2Z\" \/>\n\t\t\t<\/svg>\n\t\t<\/button><\/figure>\n\n\n\n<figure data-wp-context=\"{&quot;imageId&quot;:&quot;69e37e9f487c4&quot;}\" data-wp-interactive=\"core\/image\" data-wp-key=\"69e37e9f487c4\" class=\"wp-block-image size-large has-custom-border wp-lightbox-container\"><img decoding=\"async\" data-wp-class--hide=\"state.isContentHidden\" data-wp-class--show=\"state.isContentVisible\" data-wp-init=\"callbacks.setButtonStyles\" data-wp-on--click=\"actions.showLightbox\" data-wp-on--load=\"callbacks.setButtonStyles\" data-wp-on-window--resize=\"callbacks.setButtonStyles\" src=\"https:\/\/restingwell.com\/wp-content\/uploads\/2025\/11\/freepik__assistant__44394-747x1024.jpeg\" alt=\"Spacious dark blue interior of Restingwell Spirit floatation tank \u2013 minimizes light reflection and visual noise for faster deep meditation, sensory isolation, and ultimate calm\" class=\"wp-image-91\" style=\"border-radius:1rem;aspect-ratio:1;object-fit:cover\"\/><button\n\t\t\tclass=\"lightbox-trigger\"\n\t\t\ttype=\"button\"\n\t\t\taria-haspopup=\"dialog\"\n\t\t\taria-label=\"Enlarge\"\n\t\t\tdata-wp-init=\"callbacks.initTriggerButton\"\n\t\t\tdata-wp-on--click=\"actions.showLightbox\"\n\t\t\tdata-wp-style--right=\"state.imageButtonRight\"\n\t\t\tdata-wp-style--top=\"state.imageButtonTop\"\n\t\t>\n\t\t\t<svg xmlns=\"http:\/\/www.w3.org\/2000\/svg\" width=\"12\" height=\"12\" fill=\"none\" viewbox=\"0 0 12 12\">\n\t\t\t\t<path fill=\"#fff\" d=\"M2 0a2 2 0 0 0-2 2v2h1.5V2a.5.5 0 0 1 .5-.5h2V0H2Zm2 10.5H2a.5.5 0 0 1-.5-.5V8H0v2a2 2 0 0 0 2 2h2v-1.5ZM8 12v-1.5h2a.5.5 0 0 0 .5-.5V8H12v2a2 2 0 0 1-2 2H8Zm2-12a2 2 0 0 1 2 2v2h-1.5V2a.5.5 0 0 0-.5-.5H8V0h2Z\" \/>\n\t\t\t<\/svg>\n\t\t<\/button><\/figure>\n\n\n\n<figure data-wp-context=\"{&quot;imageId&quot;:&quot;69e37e9f48b96&quot;}\" data-wp-interactive=\"core\/image\" data-wp-key=\"69e37e9f48b96\" class=\"wp-block-image size-large has-custom-border wp-lightbox-container\"><img decoding=\"async\" data-wp-class--hide=\"state.isContentHidden\" data-wp-class--show=\"state.isContentVisible\" data-wp-init=\"callbacks.setButtonStyles\" data-wp-on--click=\"actions.showLightbox\" data-wp-on--load=\"callbacks.setButtonStyles\" data-wp-on-window--resize=\"callbacks.setButtonStyles\" src=\"https:\/\/restingwell.com\/wp-content\/uploads\/2025\/11\/openart-image_3I_k-YZh_1755978136492_raw-1024x683.jpg\" alt=\"Scandinavian-designed Restingwell Spirit floatation tank \u2013 robust, reliable, and easy-to-install isolation tank built for long-term performance in wellness and therapy spaces\" class=\"wp-image-88\" style=\"border-radius:1rem;aspect-ratio:1;object-fit:cover\"\/><button\n\t\t\tclass=\"lightbox-trigger\"\n\t\t\ttype=\"button\"\n\t\t\taria-haspopup=\"dialog\"\n\t\t\taria-label=\"Enlarge\"\n\t\t\tdata-wp-init=\"callbacks.initTriggerButton\"\n\t\t\tdata-wp-on--click=\"actions.showLightbox\"\n\t\t\tdata-wp-style--right=\"state.imageButtonRight\"\n\t\t\tdata-wp-style--top=\"state.imageButtonTop\"\n\t\t>\n\t\t\t<svg xmlns=\"http:\/\/www.w3.org\/2000\/svg\" width=\"12\" height=\"12\" fill=\"none\" viewbox=\"0 0 12 12\">\n\t\t\t\t<path fill=\"#fff\" d=\"M2 0a2 2 0 0 0-2 2v2h1.5V2a.5.5 0 0 1 .5-.5h2V0H2Zm2 10.5H2a.5.5 0 0 1-.5-.5V8H0v2a2 2 0 0 0 2 2h2v-1.5ZM8 12v-1.5h2a.5.5 0 0 0 .5-.5V8H12v2a2 2 0 0 1-2 2H8Zm2-12a2 2 0 0 1 2 2v2h-1.5V2a.5.5 0 0 0-.5-.5H8V0h2Z\" \/>\n\t\t\t<\/svg>\n\t\t<\/button><\/figure>\n<\/div>\n\n\n\n<div class=\"wp-block-column is-layout-flow wp-block-column-is-layout-flow\">\n<figure data-wp-context=\"{&quot;imageId&quot;:&quot;69e37e9f48fff&quot;}\" data-wp-interactive=\"core\/image\" data-wp-key=\"69e37e9f48fff\" class=\"wp-block-image size-large has-custom-border wp-lightbox-container\"><img decoding=\"async\" data-wp-class--hide=\"state.isContentHidden\" data-wp-class--show=\"state.isContentVisible\" data-wp-init=\"callbacks.setButtonStyles\" data-wp-on--click=\"actions.showLightbox\" data-wp-on--load=\"callbacks.setButtonStyles\" data-wp-on-window--resize=\"callbacks.setButtonStyles\" src=\"https:\/\/restingwell.com\/wp-content\/uploads\/2025\/11\/freepik__enhance__66499-747x1024.png\" alt=\"Restingwell Spirit float tank \u2013 premium white Scandinavian-engineered sensory deprivation tank with compact all-in-one design for professional float centers and deep relaxation therapy\" class=\"wp-image-92\" style=\"border-radius:1rem;aspect-ratio:3\/4;object-fit:cover\"\/><button\n\t\t\tclass=\"lightbox-trigger\"\n\t\t\ttype=\"button\"\n\t\t\taria-haspopup=\"dialog\"\n\t\t\taria-label=\"Enlarge\"\n\t\t\tdata-wp-init=\"callbacks.initTriggerButton\"\n\t\t\tdata-wp-on--click=\"actions.showLightbox\"\n\t\t\tdata-wp-style--right=\"state.imageButtonRight\"\n\t\t\tdata-wp-style--top=\"state.imageButtonTop\"\n\t\t>\n\t\t\t<svg xmlns=\"http:\/\/www.w3.org\/2000\/svg\" width=\"12\" height=\"12\" fill=\"none\" viewbox=\"0 0 12 12\">\n\t\t\t\t<path fill=\"#fff\" d=\"M2 0a2 2 0 0 0-2 2v2h1.5V2a.5.5 0 0 1 .5-.5h2V0H2Zm2 10.5H2a.5.5 0 0 1-.5-.5V8H0v2a2 2 0 0 0 2 2h2v-1.5ZM8 12v-1.5h2a.5.5 0 0 0 .5-.5V8H12v2a2 2 0 0 1-2 2H8Zm2-12a2 2 0 0 1 2 2v2h-1.5V2a.5.5 0 0 0-.5-.5H8V0h2Z\" \/>\n\t\t\t<\/svg>\n\t\t<\/button><\/figure>\n<\/div>\n<\/div>\n<\/div>\n\n\n\n<div class=\"wp-block-column is-layout-flow wp-container-core-column-is-layout-119bc444 wp-block-column-is-layout-flow\" style=\"flex-basis:60%\">\n<h2 class=\"wp-block-heading\">Ein Float-Erlebnis, das G\u00e4ste nicht vergessen<\/h2>\n\n\n\n<p class=\"has-medium-font-size\">Im Inneren des Spirit Float Tanks betreten G\u00e4ste eine <strong>ruhige, ger\u00e4umige und tief beruhigende Umgebung<\/strong>.<\/p>\n\n\n\n<p class=\"has-medium-font-size\">Jede Designentscheidung dient einem schnelleren Entspannen, einem Gef\u00fchl von Sicherheit und tiefem <strong>Flotation-REST<\/strong>.<\/p>\n\n\n\n<p class=\"has-medium-font-size\">Das Erlebnis wirkt nat\u00fcrlich, einladend und druckfrei \u2013 auch f\u00fcr Erstnutzer.<\/p>\n\n\n\n<h2 class=\"wp-block-heading\">Dunkelblaues Interieur \u2013 entwickelt f\u00fcr tiefen REST<\/h2>\n\n\n\n<p class=\"has-medium-font-size\">Das dunkelblaue Innere des Spirit ist kein modischer Trend.<\/p>\n\n\n\n<p class=\"has-medium-font-size\">Es ist eine <strong>funktionale Designentscheidung<\/strong>.<\/p>\n\n\n\n<p class=\"has-medium-font-size\">Die dunklere Oberfl\u00e4che reduziert Lichtreflexionen und visuelles Rauschen, sodass der Geist schneller zur Ruhe kommt. Das unterst\u00fctzt einen tieferen meditativen Zustand und verst\u00e4rkt die echte <strong>Flotation-REST-Therapie<\/strong>. Die Farbwahl basiert auf jahrelangem Feedback von Betreibern und Praxistests.<\/p>\n\n\n\n<h2 class=\"wp-block-heading\">Seiteneingang \u2013 offen, nat\u00fcrlich, weniger klaustrophobisch<\/h2>\n\n\n\n<p class=\"has-medium-font-size\">Der Spirit Float Tank verf\u00fcgt \u00fcber einen langen Seiteneingang \u2013 bewusst so gestaltet, nicht als nachtr\u00e4glicher Kompromiss.<\/p>\n\n\n\n<p class=\"has-medium-font-size\">Statt kurzer Klappe am Ende mit schweren Deckeln oder Gasfedern haben wir einen nat\u00fcrlichen Seiteneinstieg gew\u00e4hlt, der der Art und Weise entspricht, wie Menschen sich bewegen, eintreten und einen ruhigen Raum verlassen.<\/p>\n\n\n\n<p class=\"has-medium-font-size\">Diese Entscheidung wurzelt in unserer Designphilosophie: Floaten soll intuitiv, offen und sicher wirken \u2013 vom ersten Moment an.<\/p>\n\n\n\n<p class=\"has-medium-font-size\">Jahrelanger Betrieb hat gezeigt: Weniger physische Barrieren verbessern Komfort und Langzeitnutzung \u2013 f\u00fcr G\u00e4ste und Betreiber gleicherma\u00dfen.<\/p>\n<\/div>\n<\/div>\n<\/div>\n\n\n\n<div class=\"wp-block-group alignwide has-accent-5-background-color has-background is-layout-flow wp-container-core-group-is-layout-17fa7216 wp-block-group-is-layout-flow\" style=\"border-top-left-radius:19px;border-top-right-radius:19px;border-bottom-left-radius:19px;border-bottom-right-radius:19px;padding-top:var(--wp--preset--spacing--30);padding-right:var(--wp--preset--spacing--30);padding-bottom:var(--wp--preset--spacing--30);padding-left:var(--wp--preset--spacing--30)\">\n<h2 class=\"wp-block-heading has-text-align-center has-x-large-font-size\">H\u00e4ufig gestellte Fragen<\/h2>\n\n\n\n<div class=\"wp-block-columns is-layout-flex wp-container-core-columns-is-layout-cbe57604 wp-block-columns-is-layout-flex\">\n<div class=\"wp-block-column is-layout-flow wp-block-column-is-layout-flow\">\n<div class=\"wp-block-group is-layout-flow wp-block-group-is-layout-flow\" style=\"border-top-color:var(--wp--preset--color--accent-6);border-top-width:1px;padding-top:var(--wp--preset--spacing--30);padding-bottom:var(--wp--preset--spacing--30)\">\n<h3 class=\"wp-block-heading\"><strong>Was unterscheidet den Spirit von anderen Float-Tank-Herstellern?<\/strong><\/h3>\n\n\n\n<p>Restingwell kombiniert skandinavisches Design mit fast 20 Jahren Praxiserfahrung in der Float-Branche. Wir legen Wert auf Einfachheit, Robustheit und Nutzerkomfort. Deshalb bieten unsere Tanks Features, die die meisten Marken nicht haben \u2013 wie Seiteneingang, dunkelblaues Interieur und vollst\u00e4ndig integrierte Technik. Das Ergebnis: Unsere professionellen Floatation Tanks sind einfach zu installieren, leicht zu warten und komfortabel \u2013 f\u00fcr Ihre G\u00e4ste und f\u00fcr Sie als Betreiber. Der perfekte Sensory Deprivation Tank f\u00fcr Einsteiger und etablierte Float Center.<\/p>\n<\/div>\n<\/div>\n\n\n\n<div class=\"wp-block-column is-layout-flow wp-block-column-is-layout-flow\">\n<div class=\"wp-block-group is-layout-flow wp-block-group-is-layout-flow\" style=\"border-top-color:var(--wp--preset--color--accent-6);border-top-width:1px;padding-top:var(--wp--preset--spacing--30);padding-bottom:var(--wp--preset--spacing--30)\">\n<h3 class=\"wp-block-heading\"><strong>Ist der Restingwell Spirit Float Tank geeignet f\u00fcr Anf\u00e4nger oder klaustrophobische G\u00e4ste?<\/strong><\/h3>\n\n\n\n<p>a. Der lange Seiteneingang und das ger\u00e4umige Innere erzeugen ein offenes und einladendes Gef\u00fchl. Da G\u00e4ste seitlich eintreten statt durch eine Luke zu klettern, f\u00fchlen sich viele weniger eingeschlossen und entspannter. Spirit ist der anti-klaustrophobische Float Pod.<\/p>\n<\/div>\n<\/div>\n<\/div>\n\n\n\n<div class=\"wp-block-columns is-layout-flex wp-container-core-columns-is-layout-cbe57604 wp-block-columns-is-layout-flex\">\n<div class=\"wp-block-column is-layout-flow wp-block-column-is-layout-flow\">\n<div class=\"wp-block-group is-layout-flow wp-block-group-is-layout-flow\" style=\"border-top-color:var(--wp--preset--color--accent-6);border-top-width:1px;padding-top:var(--wp--preset--spacing--30);padding-bottom:var(--wp--preset--spacing--30)\">\n<h3 class=\"wp-block-heading\"><strong>Warum hat der Spirit Float Tank ein dunkelblaues Interieur?<\/strong><\/h3>\n\n\n\n<p>Das dunklere Innere reduziert Reflexionen und visuelles Rauschen. Dadurch entspannen G\u00e4ste schneller und erreichen eine tiefere Ruhe. Zus\u00e4tzlich wurde dieses Interieur \u00fcber Jahre hinweg durch Betreiber-Feedback optimiert, um sensorische Isolation und REST-Therapie zu maximieren.<\/p>\n<\/div>\n<\/div>\n\n\n\n<div class=\"wp-block-column is-layout-flow wp-block-column-is-layout-flow\">\n<div class=\"wp-block-group is-layout-flow wp-block-group-is-layout-flow\" style=\"border-top-color:var(--wp--preset--color--accent-6);border-top-width:1px;padding-top:var(--wp--preset--spacing--30);padding-bottom:var(--wp--preset--spacing--30)\">\n<h3 class=\"wp-block-heading\"><strong>Warum w\u00e4hlen Wellness-Center den Spirit Float Tank?<\/strong><\/h3>\n\n\n\n<p>Weil er Nutzerkomfort mit Zuverl\u00e4ssigkeit verbindet. Der Tank ist einfach zu reinigen, leicht zug\u00e4nglich f\u00fcr Kunden und leise im Betrieb. Dar\u00fcber hinaus senken die integrierten Systeme Installationskosten und vereinfachen den Alltag.<\/p>\n\n\n\n<p>Der beste Float Tank f\u00fcr Float Center.<\/p>\n<\/div>\n<\/div>\n<\/div>\n<\/div>\n\n\n\n<div class=\"wp-block-group alignwide is-layout-flow wp-container-core-group-is-layout-d58a0413 wp-block-group-is-layout-flow\" style=\"padding-top:var(--wp--preset--spacing--50);padding-bottom:var(--wp--preset--spacing--50)\">\n<div class=\"wp-block-columns is-layout-flex wp-container-core-columns-is-layout-cbe57604 wp-block-columns-is-layout-flex\">\n<div class=\"wp-block-column is-layout-flow wp-block-column-is-layout-flow\">\n<div class=\"wp-block-group is-layout-flow wp-block-group-is-layout-flow\" style=\"border-top-color:var(--wp--preset--color--accent-6);border-top-width:1px;padding-top:var(--wp--preset--spacing--30);padding-bottom:var(--wp--preset--spacing--30)\">\n<h3 class=\"wp-block-heading\"><strong>Warum Profis Restingwell w\u00e4hlen<\/strong><\/h3>\n\n\n\n<p>Wenn Sie sich f\u00fcr Restingwell entscheiden, bekommen Sie nicht nur einen Float Tank.<\/p>\n\n\n\n<p>Sie erhalten:<\/p>\n\n\n\n<ul class=\"wp-block-list\">\n<li>Ein System, das auf jahrzehntelangem Echteinsatz basiert<\/li>\n\n\n\n<li>Praktisches Wissen aus dem eigenen Float-Center-Betrieb<\/li>\n\n\n\n<li>Langfristige Zuverl\u00e4ssigkeit statt kurzfristiger L\u00f6sungen<\/li>\n\n\n\n<li>Einen Partner, der den t\u00e4glichen Betrieb versteht<\/li>\n<\/ul>\n\n\n\n<p>Diese Kombination aus Engineering und Erfahrung ist der Grund, warum neue und etablierte Float Center in ganz Europa Restingwell w\u00e4hlen, wenn sie einen Float Tank wollen, der Tag f\u00fcr Tag funktioniert.<\/p>\n<\/div>\n<\/div>\n\n\n\n<div class=\"wp-block-column is-layout-flow wp-block-column-is-layout-flow\">\n<div class=\"wp-block-group is-layout-flow wp-block-group-is-layout-flow\" style=\"border-top-color:var(--wp--preset--color--accent-6);border-top-width:1px;padding-top:var(--wp--preset--spacing--30);padding-bottom:var(--wp--preset--spacing--30)\">\n<h3 class=\"wp-block-heading\"><strong>M\u00f6chten Sie mehr \u00fcber Eigentum, Installation oder t\u00e4glichen Betrieb erfahren?<\/strong> Entdecken Sie, wie der Spirit Float Tank f\u00fcr den realen Einsatz entwickelt wurde.<\/h3>\n\n\n<\/div>\n<\/div>\n<\/div>\n<\/div>\n<\/div>\n<\/div>\n<\/div>","protected":false},"excerpt":{"rendered":"<p>Gebaut f\u00fcr Betreiber, entwickelt f\u00fcr Zuverl\u00e4ssigkeit Der Spirit Float Tank ist ein professionelles Floatationssystem, das f\u00fcr den realen Einsatz konzipiert wurde. Bei Restingwell verbinden wir skandinavisches Engineering mit jahrzehntelanger Praxiserfahrung aus unserem eigenen Float Center, um Float Tanks zu schaffen, die ruhig, zuverl\u00e4ssig und einfach zu besitzen sind. Gebaut seit 2004. Betrieben in unserem eigenen [&hellip;]<\/p>","protected":false},"author":1,"featured_media":0,"parent":0,"menu_order":0,"comment_status":"closed","ping_status":"closed","template":"page-with-title","meta":{"_monsterinsights_skip_tracking":false,"_monsterinsights_sitenote_active":false,"_monsterinsights_sitenote_note":"","_monsterinsights_sitenote_category":0,"iawp_total_views":19,"footnotes":""},"class_list":["post-107","page","type-page","status-publish","hentry"],"aioseo_notices":[],"_links":{"self":[{"href":"https:\/\/restingwell.de\/en\/wp-json\/wp\/v2\/pages\/107","targetHints":{"allow":["GET"]}}],"collection":[{"href":"https:\/\/restingwell.de\/en\/wp-json\/wp\/v2\/pages"}],"about":[{"href":"https:\/\/restingwell.de\/en\/wp-json\/wp\/v2\/types\/page"}],"author":[{"embeddable":true,"href":"https:\/\/restingwell.de\/en\/wp-json\/wp\/v2\/users\/1"}],"replies":[{"embeddable":true,"href":"https:\/\/restingwell.de\/en\/wp-json\/wp\/v2\/comments?post=107"}],"version-history":[{"count":5,"href":"https:\/\/restingwell.de\/en\/wp-json\/wp\/v2\/pages\/107\/revisions"}],"predecessor-version":[{"id":171,"href":"https:\/\/restingwell.de\/en\/wp-json\/wp\/v2\/pages\/107\/revisions\/171"}],"wp:attachment":[{"href":"https:\/\/restingwell.de\/en\/wp-json\/wp\/v2\/media?parent=107"}],"curies":[{"name":"wp","href":"https:\/\/api.w.org\/{rel}","templated":true}]}}